{"id":1216,"date":"2023-08-06T10:05:13","date_gmt":"2023-08-06T07:05:13","guid":{"rendered":"https:\/\/mia24.ee\/infonurk\/?page_id=1216"},"modified":"2023-08-06T10:05:13","modified_gmt":"2023-08-06T07:05:13","slug":"probiootikumid-mis-miks-ja-kellele","status":"publish","type":"page","link":"https:\/\/mia24.ee\/infonurk\/probiootikumid-mis-miks-ja-kellele\/","title":{"rendered":"Probiootikumid &#8211; mis, miks ja kellele"},"content":{"rendered":"<div id=\"cs-content\" class=\"cs-content\"><\/div>\n","protected":false},"excerpt":{"rendered":"<p>Probiootikumid \/ piimhappebakterid &nbsp;Seedekulgla ehk seedetrakt on suu\u00f5\u00f5nest kuni p\u00e4rasooleni\u00a0 ulatuv seedekanal, mis v\u00f5ib olla kuni 10 meetrit pikk. See on teekond, mida l\u00e4bib toit, mida me s\u00f6\u00f6me.\u00a0 Seedekulgla on koduks umbes 100 triljonile bakterile. Oleme harjunud sellega, et \u201cbakter\u201d t\u00e4hendab \u00fcldiselt midagi halba. Nii see aga ei ole. Suur hulk baktereid t\u00e4idavad v\u00e4ga mitmek\u00fclgset ja elut\u00e4htsat rolli. Selliseid h\u00e4id &#8230;<\/p>\n","protected":false},"author":1,"featured_media":0,"parent":0,"menu_order":0,"comment_status":"closed","ping_status":"closed","template":"","meta":{"_monsterinsights_skip_tracking":false,"_monsterinsights_sitenote_active":false,"_monsterinsights_sitenote_note":"","_monsterinsights_sitenote_category":0,"footnotes":""},"class_list":["post-1216","page","type-page","status-publish","hentry","no-post-thumbnail"],"yoast_head":"<!-- This site is optimized with the Yoast SEO plugin v27.4 - https:\/\/yoast.com\/product\/yoast-seo-wordpress\/ -->\n<title>Probiootikumid - mis, miks ja kellele - Mia24.ee | Tervise- ja ilublogi<\/title>\n<meta name=\"robots\" content=\"index, follow, max-snippet:-1, max-image-preview:large, max-video-preview:-1\" \/>\n<link rel=\"canonical\" href=\"https:\/\/mia24.ee\/infonurk\/probiootikumid-mis-miks-ja-kellele\/\" \/>\n<meta property=\"og:locale\" content=\"et_EE\" \/>\n<meta property=\"og:type\" content=\"article\" \/>\n<meta property=\"og:title\" content=\"Probiootikumid - mis, miks ja kellele - Mia24.ee | Tervise- ja ilublogi\" \/>\n<meta property=\"og:description\" content=\"Probiootikumid \/ piimhappebakterid &nbsp;Seedekulgla ehk seedetrakt on suu\u00f5\u00f5nest kuni p\u00e4rasooleni\u00a0 ulatuv seedekanal, mis v\u00f5ib olla kuni 10 meetrit pikk. See on teekond, mida l\u00e4bib toit, mida me s\u00f6\u00f6me.\u00a0 Seedekulgla on koduks umbes 100 triljonile bakterile. Oleme harjunud sellega, et \u201cbakter\u201d t\u00e4hendab \u00fcldiselt midagi halba. Nii see aga ei ole. Suur hulk baktereid t\u00e4idavad v\u00e4ga mitmek\u00fclgset ja elut\u00e4htsat rolli. Selliseid h\u00e4id ...\" \/>\n<meta property=\"og:url\" content=\"https:\/\/mia24.ee\/infonurk\/probiootikumid-mis-miks-ja-kellele\/\" \/>\n<meta property=\"og:site_name\" content=\"Mia24.ee | Tervise- ja ilublogi\" \/>\n<meta property=\"article:publisher\" content=\"https:\/\/www.facebook.com\/mia24.ee\" \/>\n<meta name=\"twitter:card\" content=\"summary_large_image\" \/>\n<meta name=\"twitter:label1\" content=\"Est. reading time\" \/>\n\t<meta name=\"twitter:data1\" content=\"37 minutit\" \/>\n<script type=\"application\/ld+json\" class=\"yoast-schema-graph\">{\"@context\":\"https:\\\/\\\/schema.org\",\"@graph\":[{\"@type\":\"WebPage\",\"@id\":\"https:\\\/\\\/mia24.ee\\\/infonurk\\\/probiootikumid-mis-miks-ja-kellele\\\/\",\"url\":\"https:\\\/\\\/mia24.ee\\\/infonurk\\\/probiootikumid-mis-miks-ja-kellele\\\/\",\"name\":\"Probiootikumid - mis, miks ja kellele - Mia24.ee | Tervise- ja ilublogi\",\"isPartOf\":{\"@id\":\"https:\\\/\\\/mia24.ee\\\/infonurk\\\/#website\"},\"datePublished\":\"2023-08-06T07:05:13+00:00\",\"breadcrumb\":{\"@id\":\"https:\\\/\\\/mia24.ee\\\/infonurk\\\/probiootikumid-mis-miks-ja-kellele\\\/#breadcrumb\"},\"inLanguage\":\"et\",\"potentialAction\":[{\"@type\":\"ReadAction\",\"target\":[\"https:\\\/\\\/mia24.ee\\\/infonurk\\\/probiootikumid-mis-miks-ja-kellele\\\/\"]}]},{\"@type\":\"BreadcrumbList\",\"@id\":\"https:\\\/\\\/mia24.ee\\\/infonurk\\\/probiootikumid-mis-miks-ja-kellele\\\/#breadcrumb\",\"itemListElement\":[{\"@type\":\"ListItem\",\"position\":1,\"name\":\"Home\",\"item\":\"https:\\\/\\\/mia24.ee\\\/infonurk\\\/\"},{\"@type\":\"ListItem\",\"position\":2,\"name\":\"Probiootikumid &#8211; mis, miks ja kellele\"}]},{\"@type\":\"WebSite\",\"@id\":\"https:\\\/\\\/mia24.ee\\\/infonurk\\\/#website\",\"url\":\"https:\\\/\\\/mia24.ee\\\/infonurk\\\/\",\"name\":\"Mia24.ee | Tervise- ja ilublogi\",\"description\":\"Toome Sinuni olulisemad ilu- ja terviseteemad.\",\"publisher\":{\"@id\":\"https:\\\/\\\/mia24.ee\\\/infonurk\\\/#organization\"},\"potentialAction\":[{\"@type\":\"SearchAction\",\"target\":{\"@type\":\"EntryPoint\",\"urlTemplate\":\"https:\\\/\\\/mia24.ee\\\/infonurk\\\/?s={search_term_string}\"},\"query-input\":{\"@type\":\"PropertyValueSpecification\",\"valueRequired\":true,\"valueName\":\"search_term_string\"}}],\"inLanguage\":\"et\"},{\"@type\":\"Organization\",\"@id\":\"https:\\\/\\\/mia24.ee\\\/infonurk\\\/#organization\",\"name\":\"Mia24.ee\",\"url\":\"https:\\\/\\\/mia24.ee\\\/infonurk\\\/\",\"logo\":{\"@type\":\"ImageObject\",\"inLanguage\":\"et\",\"@id\":\"https:\\\/\\\/mia24.ee\\\/infonurk\\\/#\\\/schema\\\/logo\\\/image\\\/\",\"url\":\"https:\\\/\\\/mia24.ee\\\/infonurk\\\/wp-content\\\/uploads\\\/2015\\\/01\\\/LOGO.jpg\",\"contentUrl\":\"https:\\\/\\\/mia24.ee\\\/infonurk\\\/wp-content\\\/uploads\\\/2015\\\/01\\\/LOGO.jpg\",\"width\":200,\"height\":71,\"caption\":\"Mia24.ee\"},\"image\":{\"@id\":\"https:\\\/\\\/mia24.ee\\\/infonurk\\\/#\\\/schema\\\/logo\\\/image\\\/\"},\"sameAs\":[\"https:\\\/\\\/www.facebook.com\\\/mia24.ee\"]}]}<\/script>\n<!-- \/ Yoast SEO plugin. -->","yoast_head_json":{"title":"Probiootikumid - mis, miks ja kellele - Mia24.ee | Tervise- ja ilublogi","robots":{"index":"index","follow":"follow","max-snippet":"max-snippet:-1","max-image-preview":"max-image-preview:large","max-video-preview":"max-video-preview:-1"},"canonical":"https:\/\/mia24.ee\/infonurk\/probiootikumid-mis-miks-ja-kellele\/","og_locale":"et_EE","og_type":"article","og_title":"Probiootikumid - mis, miks ja kellele - Mia24.ee | Tervise- ja ilublogi","og_description":"Probiootikumid \/ piimhappebakterid &nbsp;Seedekulgla ehk seedetrakt on suu\u00f5\u00f5nest kuni p\u00e4rasooleni\u00a0 ulatuv seedekanal, mis v\u00f5ib olla kuni 10 meetrit pikk. See on teekond, mida l\u00e4bib toit, mida me s\u00f6\u00f6me.\u00a0 Seedekulgla on koduks umbes 100 triljonile bakterile. Oleme harjunud sellega, et \u201cbakter\u201d t\u00e4hendab \u00fcldiselt midagi halba. Nii see aga ei ole. Suur hulk baktereid t\u00e4idavad v\u00e4ga mitmek\u00fclgset ja elut\u00e4htsat rolli. Selliseid h\u00e4id ...","og_url":"https:\/\/mia24.ee\/infonurk\/probiootikumid-mis-miks-ja-kellele\/","og_site_name":"Mia24.ee | Tervise- ja ilublogi","article_publisher":"https:\/\/www.facebook.com\/mia24.ee","twitter_card":"summary_large_image","twitter_misc":{"Est. reading time":"37 minutit"},"schema":{"@context":"https:\/\/schema.org","@graph":[{"@type":"WebPage","@id":"https:\/\/mia24.ee\/infonurk\/probiootikumid-mis-miks-ja-kellele\/","url":"https:\/\/mia24.ee\/infonurk\/probiootikumid-mis-miks-ja-kellele\/","name":"Probiootikumid - mis, miks ja kellele - Mia24.ee | Tervise- ja ilublogi","isPartOf":{"@id":"https:\/\/mia24.ee\/infonurk\/#website"},"datePublished":"2023-08-06T07:05:13+00:00","breadcrumb":{"@id":"https:\/\/mia24.ee\/infonurk\/probiootikumid-mis-miks-ja-kellele\/#breadcrumb"},"inLanguage":"et","potentialAction":[{"@type":"ReadAction","target":["https:\/\/mia24.ee\/infonurk\/probiootikumid-mis-miks-ja-kellele\/"]}]},{"@type":"BreadcrumbList","@id":"https:\/\/mia24.ee\/infonurk\/probiootikumid-mis-miks-ja-kellele\/#breadcrumb","itemListElement":[{"@type":"ListItem","position":1,"name":"Home","item":"https:\/\/mia24.ee\/infonurk\/"},{"@type":"ListItem","position":2,"name":"Probiootikumid &#8211; mis, miks ja kellele"}]},{"@type":"WebSite","@id":"https:\/\/mia24.ee\/infonurk\/#website","url":"https:\/\/mia24.ee\/infonurk\/","name":"Mia24.ee | Tervise- ja ilublogi","description":"Toome Sinuni olulisemad ilu- ja terviseteemad.","publisher":{"@id":"https:\/\/mia24.ee\/infonurk\/#organization"},"potentialAction":[{"@type":"SearchAction","target":{"@type":"EntryPoint","urlTemplate":"https:\/\/mia24.ee\/infonurk\/?s={search_term_string}"},"query-input":{"@type":"PropertyValueSpecification","valueRequired":true,"valueName":"search_term_string"}}],"inLanguage":"et"},{"@type":"Organization","@id":"https:\/\/mia24.ee\/infonurk\/#organization","name":"Mia24.ee","url":"https:\/\/mia24.ee\/infonurk\/","logo":{"@type":"ImageObject","inLanguage":"et","@id":"https:\/\/mia24.ee\/infonurk\/#\/schema\/logo\/image\/","url":"https:\/\/mia24.ee\/infonurk\/wp-content\/uploads\/2015\/01\/LOGO.jpg","contentUrl":"https:\/\/mia24.ee\/infonurk\/wp-content\/uploads\/2015\/01\/LOGO.jpg","width":200,"height":71,"caption":"Mia24.ee"},"image":{"@id":"https:\/\/mia24.ee\/infonurk\/#\/schema\/logo\/image\/"},"sameAs":["https:\/\/www.facebook.com\/mia24.ee"]}]}},"amp_enabled":true,"_links":{"self":[{"href":"https:\/\/mia24.ee\/infonurk\/wp-json\/wp\/v2\/pages\/1216","targetHints":{"allow":["GET"]}}],"collection":[{"href":"https:\/\/mia24.ee\/infonurk\/wp-json\/wp\/v2\/pages"}],"about":[{"href":"https:\/\/mia24.ee\/infonurk\/wp-json\/wp\/v2\/types\/page"}],"author":[{"embeddable":true,"href":"https:\/\/mia24.ee\/infonurk\/wp-json\/wp\/v2\/users\/1"}],"replies":[{"embeddable":true,"href":"https:\/\/mia24.ee\/infonurk\/wp-json\/wp\/v2\/comments?post=1216"}],"version-history":[{"count":2,"href":"https:\/\/mia24.ee\/infonurk\/wp-json\/wp\/v2\/pages\/1216\/revisions"}],"predecessor-version":[{"id":2302,"href":"https:\/\/mia24.ee\/infonurk\/wp-json\/wp\/v2\/pages\/1216\/revisions\/2302"}],"wp:attachment":[{"href":"https:\/\/mia24.ee\/infonurk\/wp-json\/wp\/v2\/media?parent=1216"}],"curies":[{"name":"wp","href":"https:\/\/api.w.org\/{rel}","templated":true}]}}