{"id":2,"date":"2015-01-26T11:27:02","date_gmt":"2015-01-26T11:27:02","guid":{"rendered":"https:\/\/mia24.ee\/infonurk\/?page_id=2"},"modified":"2021-05-21T15:51:05","modified_gmt":"2021-05-21T12:51:05","slug":"meist","status":"publish","type":"page","link":"https:\/\/mia24.ee\/infonurk\/meist\/","title":{"rendered":"Mia24.ee tutvustus"},"content":{"rendered":"<p><span style=\"line-height: 1.714285714; font-size: 1rem;\"><strong>MIA24.EE<\/strong>\u00a0on kiire ja mugav ostukeskkond, kust leiad rikkaliku valiku kvaliteetset ilukaupa tuntud ja hinnatud tootjatelt.\u00a0<\/span><span style=\"line-height: 1.714285714; font-size: 1rem;\">Oleme tegutsenud juba 6 aastat ja meie kaubavaliku p\u00f5hir\u00f5hk\u00a0on leebe ja\/v\u00f5i loodusliku koostisega ilutooted. <\/span><\/p>\n<p><span style=\"line-height: 1.714285714; font-size: 1rem;\">Meie e-poes\u00a0<\/span>ootab Sind rikkalik valik kosmeetikat, juukse-, n\u00e4o- ja kehahooldustooteid, s<strong>h sertifitseeritud loodustooteid<\/strong>, ning parf\u00fc\u00fcme.<\/p>\n<p>Mia24.ee\u2019s on m\u00fc\u00fcgil ainult\u00a0<strong>aus kaup<\/strong>! Kogu sortiment p\u00e4rineb Eesti ametlikelt maaletoojatelt. Mitmete kaubam\u00e4rkide puhul on Mia24.ee\u00a0<strong>ainus ametlik edasim\u00fc\u00fcja<\/strong>\u00a0Eesti veebikeskkonnas (nt Kemoni kaubam\u00e4rgid Actyva, Hair Manya, AND).<\/p>\n<p>Hoia kokku oma\u00a0<strong>v\u00e4\u00e4rtuslikku<\/strong>\u00a0aega! Meie epood on avatud 24 tundi \u00f6\u00f6p\u00e4evas ja 7 p\u00e4eva n\u00e4dalas. Tellimused toimetame Sinuni ~ 3 t\u00f6\u00f6p\u00e4evaga. Eesti Posti ja SmartPosti vahendusel j\u00f5uab soovitud kaup igasse Eestimaa nurka.<\/p>\n<p>Kui tellimuse summa \u00fcletab <strong>35,00<\/strong> eurot, saadame kauba Sinuni SmartPOSTi v\u00f5i Omniva pakiautomaadi vahendusel\u00a0<strong>postikuluta<\/strong>!<\/p>\n<p>Mia24.ee\u2019s kehtib\u00a0<strong>14 p\u00e4evane vahetus- ja tagastus\u00f5igus<\/strong>.<\/p>\n<p><strong>Abi ja n\u00f5u<\/strong>\u00a0saad klienditeeninduselt telefonilt 58 21 58 10 v\u00f5i meililt\u00a0<a href=\"mailto:info@mia24.ee\">info@mia24.ee<\/a>.<\/p>\n<p>&nbsp;<\/p>\n<p><strong>KLIENDITEENINDUS<\/strong><\/p>\n<p>Kontakt: info@mia24.ee\u00a0v\u00f5i\u00a0<strong>58 21 58 10<\/strong>\u00a0(E-R 10-17)<\/p>\n<p>&nbsp;<\/p>\n<p>&nbsp;<\/p>\n<p><strong>KONTAKTANDMED<\/strong><\/p>\n<p>Mia24.ee<\/p>\n<p>Portal Invest O\u00dc<\/p>\n<p>Pood asub: Uus tn 7, Keila (<a href=\"http:\/\/netikink.eu\/\" target=\"_blank\" rel=\"noopener\">NetiKink<\/a>\u00a0samades ruumides)<\/p>\n<p>Juriidiline aadress: Kruusa 21-1, 76607 Keila<\/p>\n<p>\u00c4rireg. kood: 11039100<\/p>\n<p>&nbsp;<\/p>\n","protected":false},"excerpt":{"rendered":"<p>MIA24.EE\u00a0on kiire ja mugav ostukeskkond, kust leiad rikkaliku valiku kvaliteetset ilukaupa tuntud ja hinnatud tootjatelt.\u00a0Oleme tegutsenud juba 6 aastat ja meie kaubavaliku p\u00f5hir\u00f5hk\u00a0on leebe ja\/v\u00f5i loodusliku koostisega ilutooted. Meie e-poes\u00a0ootab Sind rikkalik valik kosmeetikat, juukse-, n\u00e4o- ja kehahooldustooteid, sh sertifitseeritud loodustooteid, ning parf\u00fc\u00fcme. Mia24.ee\u2019s on m\u00fc\u00fcgil ainult\u00a0aus kaup! Kogu sortiment p\u00e4rineb Eesti ametlikelt maaletoojatelt. Mitmete kaubam\u00e4rkide puhul on Mia24.ee\u00a0ainus ametlik &#8230;<\/p>\n","protected":false},"author":1,"featured_media":0,"parent":0,"menu_order":0,"comment_status":"open","ping_status":"open","template":"","meta":{"_monsterinsights_skip_tracking":false,"_monsterinsights_sitenote_active":false,"_monsterinsights_sitenote_note":"","_monsterinsights_sitenote_category":0,"footnotes":""},"class_list":["post-2","page","type-page","status-publish","hentry","no-post-thumbnail"],"yoast_head":"<!-- This site is optimized with the Yoast SEO plugin v27.4 - https:\/\/yoast.com\/product\/yoast-seo-wordpress\/ -->\n<title>Mia24.ee tutvustus - Mia24.ee | Tervise- ja ilublogi<\/title>\n<meta name=\"robots\" content=\"index, follow, max-snippet:-1, max-image-preview:large, max-video-preview:-1\" \/>\n<link rel=\"canonical\" href=\"https:\/\/mia24.ee\/infonurk\/meist\/\" \/>\n<meta property=\"og:locale\" content=\"et_EE\" \/>\n<meta property=\"og:type\" content=\"article\" \/>\n<meta property=\"og:title\" content=\"Mia24.ee tutvustus - Mia24.ee | Tervise- ja ilublogi\" \/>\n<meta property=\"og:description\" content=\"MIA24.EE\u00a0on kiire ja mugav ostukeskkond, kust leiad rikkaliku valiku kvaliteetset ilukaupa tuntud ja hinnatud tootjatelt.\u00a0Oleme tegutsenud juba 6 aastat ja meie kaubavaliku p\u00f5hir\u00f5hk\u00a0on leebe ja\/v\u00f5i loodusliku koostisega ilutooted. Meie e-poes\u00a0ootab Sind rikkalik valik kosmeetikat, juukse-, n\u00e4o- ja kehahooldustooteid, sh sertifitseeritud loodustooteid, ning parf\u00fc\u00fcme. Mia24.ee\u2019s on m\u00fc\u00fcgil ainult\u00a0aus kaup! Kogu sortiment p\u00e4rineb Eesti ametlikelt maaletoojatelt. Mitmete kaubam\u00e4rkide puhul on Mia24.ee\u00a0ainus ametlik ...\" \/>\n<meta property=\"og:url\" content=\"https:\/\/mia24.ee\/infonurk\/meist\/\" \/>\n<meta property=\"og:site_name\" content=\"Mia24.ee | Tervise- ja ilublogi\" \/>\n<meta property=\"article:publisher\" content=\"https:\/\/www.facebook.com\/mia24.ee\" \/>\n<meta property=\"article:modified_time\" content=\"2021-05-21T12:51:05+00:00\" \/>\n<meta name=\"twitter:card\" content=\"summary_large_image\" \/>\n<meta name=\"twitter:label1\" content=\"Est. reading time\" \/>\n\t<meta name=\"twitter:data1\" content=\"1 minut\" \/>\n<script type=\"application\/ld+json\" class=\"yoast-schema-graph\">{\"@context\":\"https:\\\/\\\/schema.org\",\"@graph\":[{\"@type\":\"WebPage\",\"@id\":\"https:\\\/\\\/mia24.ee\\\/infonurk\\\/meist\\\/\",\"url\":\"https:\\\/\\\/mia24.ee\\\/infonurk\\\/meist\\\/\",\"name\":\"Mia24.ee tutvustus - Mia24.ee | Tervise- ja ilublogi\",\"isPartOf\":{\"@id\":\"https:\\\/\\\/mia24.ee\\\/infonurk\\\/#website\"},\"datePublished\":\"2015-01-26T11:27:02+00:00\",\"dateModified\":\"2021-05-21T12:51:05+00:00\",\"breadcrumb\":{\"@id\":\"https:\\\/\\\/mia24.ee\\\/infonurk\\\/meist\\\/#breadcrumb\"},\"inLanguage\":\"et\",\"potentialAction\":[{\"@type\":\"ReadAction\",\"target\":[\"https:\\\/\\\/mia24.ee\\\/infonurk\\\/meist\\\/\"]}]},{\"@type\":\"BreadcrumbList\",\"@id\":\"https:\\\/\\\/mia24.ee\\\/infonurk\\\/meist\\\/#breadcrumb\",\"itemListElement\":[{\"@type\":\"ListItem\",\"position\":1,\"name\":\"Home\",\"item\":\"https:\\\/\\\/mia24.ee\\\/infonurk\\\/\"},{\"@type\":\"ListItem\",\"position\":2,\"name\":\"Mia24.ee tutvustus\"}]},{\"@type\":\"WebSite\",\"@id\":\"https:\\\/\\\/mia24.ee\\\/infonurk\\\/#website\",\"url\":\"https:\\\/\\\/mia24.ee\\\/infonurk\\\/\",\"name\":\"Mia24.ee | Tervise- ja ilublogi\",\"description\":\"Toome Sinuni olulisemad ilu- ja terviseteemad.\",\"publisher\":{\"@id\":\"https:\\\/\\\/mia24.ee\\\/infonurk\\\/#organization\"},\"potentialAction\":[{\"@type\":\"SearchAction\",\"target\":{\"@type\":\"EntryPoint\",\"urlTemplate\":\"https:\\\/\\\/mia24.ee\\\/infonurk\\\/?s={search_term_string}\"},\"query-input\":{\"@type\":\"PropertyValueSpecification\",\"valueRequired\":true,\"valueName\":\"search_term_string\"}}],\"inLanguage\":\"et\"},{\"@type\":\"Organization\",\"@id\":\"https:\\\/\\\/mia24.ee\\\/infonurk\\\/#organization\",\"name\":\"Mia24.ee\",\"url\":\"https:\\\/\\\/mia24.ee\\\/infonurk\\\/\",\"logo\":{\"@type\":\"ImageObject\",\"inLanguage\":\"et\",\"@id\":\"https:\\\/\\\/mia24.ee\\\/infonurk\\\/#\\\/schema\\\/logo\\\/image\\\/\",\"url\":\"https:\\\/\\\/mia24.ee\\\/infonurk\\\/wp-content\\\/uploads\\\/2015\\\/01\\\/LOGO.jpg\",\"contentUrl\":\"https:\\\/\\\/mia24.ee\\\/infonurk\\\/wp-content\\\/uploads\\\/2015\\\/01\\\/LOGO.jpg\",\"width\":200,\"height\":71,\"caption\":\"Mia24.ee\"},\"image\":{\"@id\":\"https:\\\/\\\/mia24.ee\\\/infonurk\\\/#\\\/schema\\\/logo\\\/image\\\/\"},\"sameAs\":[\"https:\\\/\\\/www.facebook.com\\\/mia24.ee\"]}]}<\/script>\n<!-- \/ Yoast SEO plugin. -->","yoast_head_json":{"title":"Mia24.ee tutvustus - Mia24.ee | Tervise- ja ilublogi","robots":{"index":"index","follow":"follow","max-snippet":"max-snippet:-1","max-image-preview":"max-image-preview:large","max-video-preview":"max-video-preview:-1"},"canonical":"https:\/\/mia24.ee\/infonurk\/meist\/","og_locale":"et_EE","og_type":"article","og_title":"Mia24.ee tutvustus - Mia24.ee | Tervise- ja ilublogi","og_description":"MIA24.EE\u00a0on kiire ja mugav ostukeskkond, kust leiad rikkaliku valiku kvaliteetset ilukaupa tuntud ja hinnatud tootjatelt.\u00a0Oleme tegutsenud juba 6 aastat ja meie kaubavaliku p\u00f5hir\u00f5hk\u00a0on leebe ja\/v\u00f5i loodusliku koostisega ilutooted. Meie e-poes\u00a0ootab Sind rikkalik valik kosmeetikat, juukse-, n\u00e4o- ja kehahooldustooteid, sh sertifitseeritud loodustooteid, ning parf\u00fc\u00fcme. Mia24.ee\u2019s on m\u00fc\u00fcgil ainult\u00a0aus kaup! Kogu sortiment p\u00e4rineb Eesti ametlikelt maaletoojatelt. Mitmete kaubam\u00e4rkide puhul on Mia24.ee\u00a0ainus ametlik ...","og_url":"https:\/\/mia24.ee\/infonurk\/meist\/","og_site_name":"Mia24.ee | Tervise- ja ilublogi","article_publisher":"https:\/\/www.facebook.com\/mia24.ee","article_modified_time":"2021-05-21T12:51:05+00:00","twitter_card":"summary_large_image","twitter_misc":{"Est. reading time":"1 minut"},"schema":{"@context":"https:\/\/schema.org","@graph":[{"@type":"WebPage","@id":"https:\/\/mia24.ee\/infonurk\/meist\/","url":"https:\/\/mia24.ee\/infonurk\/meist\/","name":"Mia24.ee tutvustus - Mia24.ee | Tervise- ja ilublogi","isPartOf":{"@id":"https:\/\/mia24.ee\/infonurk\/#website"},"datePublished":"2015-01-26T11:27:02+00:00","dateModified":"2021-05-21T12:51:05+00:00","breadcrumb":{"@id":"https:\/\/mia24.ee\/infonurk\/meist\/#breadcrumb"},"inLanguage":"et","potentialAction":[{"@type":"ReadAction","target":["https:\/\/mia24.ee\/infonurk\/meist\/"]}]},{"@type":"BreadcrumbList","@id":"https:\/\/mia24.ee\/infonurk\/meist\/#breadcrumb","itemListElement":[{"@type":"ListItem","position":1,"name":"Home","item":"https:\/\/mia24.ee\/infonurk\/"},{"@type":"ListItem","position":2,"name":"Mia24.ee tutvustus"}]},{"@type":"WebSite","@id":"https:\/\/mia24.ee\/infonurk\/#website","url":"https:\/\/mia24.ee\/infonurk\/","name":"Mia24.ee | Tervise- ja ilublogi","description":"Toome Sinuni olulisemad ilu- ja terviseteemad.","publisher":{"@id":"https:\/\/mia24.ee\/infonurk\/#organization"},"potentialAction":[{"@type":"SearchAction","target":{"@type":"EntryPoint","urlTemplate":"https:\/\/mia24.ee\/infonurk\/?s={search_term_string}"},"query-input":{"@type":"PropertyValueSpecification","valueRequired":true,"valueName":"search_term_string"}}],"inLanguage":"et"},{"@type":"Organization","@id":"https:\/\/mia24.ee\/infonurk\/#organization","name":"Mia24.ee","url":"https:\/\/mia24.ee\/infonurk\/","logo":{"@type":"ImageObject","inLanguage":"et","@id":"https:\/\/mia24.ee\/infonurk\/#\/schema\/logo\/image\/","url":"https:\/\/mia24.ee\/infonurk\/wp-content\/uploads\/2015\/01\/LOGO.jpg","contentUrl":"https:\/\/mia24.ee\/infonurk\/wp-content\/uploads\/2015\/01\/LOGO.jpg","width":200,"height":71,"caption":"Mia24.ee"},"image":{"@id":"https:\/\/mia24.ee\/infonurk\/#\/schema\/logo\/image\/"},"sameAs":["https:\/\/www.facebook.com\/mia24.ee"]}]}},"amp_enabled":true,"_links":{"self":[{"href":"https:\/\/mia24.ee\/infonurk\/wp-json\/wp\/v2\/pages\/2","targetHints":{"allow":["GET"]}}],"collection":[{"href":"https:\/\/mia24.ee\/infonurk\/wp-json\/wp\/v2\/pages"}],"about":[{"href":"https:\/\/mia24.ee\/infonurk\/wp-json\/wp\/v2\/types\/page"}],"author":[{"embeddable":true,"href":"https:\/\/mia24.ee\/infonurk\/wp-json\/wp\/v2\/users\/1"}],"replies":[{"embeddable":true,"href":"https:\/\/mia24.ee\/infonurk\/wp-json\/wp\/v2\/comments?post=2"}],"version-history":[{"count":0,"href":"https:\/\/mia24.ee\/infonurk\/wp-json\/wp\/v2\/pages\/2\/revisions"}],"wp:attachment":[{"href":"https:\/\/mia24.ee\/infonurk\/wp-json\/wp\/v2\/media?parent=2"}],"curies":[{"name":"wp","href":"https:\/\/api.w.org\/{rel}","templated":true}]}}