{"id":555,"date":"2017-09-21T11:58:27","date_gmt":"2017-09-21T11:58:27","guid":{"rendered":"https:\/\/mia24.ee\/infonurk\/?page_id=555"},"modified":"2019-03-05T11:32:20","modified_gmt":"2019-03-05T08:32:20","slug":"biolatte-toodete-manustamine","status":"publish","type":"page","link":"https:\/\/mia24.ee\/infonurk\/kusimused-ja-vastused-biolatte-probiootikumide-kohta\/biolatte-toodete-manustamine\/","title":{"rendered":"Biolatte toodete manustamine"},"content":{"rendered":"<h1>Biolatte toodete manustamine<\/h1>\n<p>Biolatte tooted on toidulisandid ja ei asenda t\u00e4isv\u00e4\u00e4rtuslikku toitumist. Tegemist ei ole ravimitega. Personaalse info saamiseks pea n\u00f5u asjatundjaga. Allj\u00e4rgnev info on tootjapoolne soovitus toodete manustamise kohta.<\/p>\n<p>Siit saad teada, kas v\u00f5tta biolatted enne v\u00f5i peale s\u00f6\u00f6ki, kui palju ja kuidas t\u00e4pselt.<\/p>\n<h2><a href=\"https:\/\/mia24.ee\/infonurk\/wp-content\/uploads\/2017\/09\/PARIM-VALIK.png\"><img loading=\"lazy\" decoding=\"async\" class=\"alignleft size-full wp-image-559\" src=\"https:\/\/mia24.ee\/infonurk\/wp-content\/uploads\/2017\/09\/PARIM-VALIK.png\" alt=\"Biolatte\" width=\"600\" height=\"200\" srcset=\"https:\/\/mia24.ee\/infonurk\/wp-content\/uploads\/2017\/09\/PARIM-VALIK.png 600w, https:\/\/mia24.ee\/infonurk\/wp-content\/uploads\/2017\/09\/PARIM-VALIK-300x100.png 300w\" sizes=\"auto, (max-width: 600px) 100vw, 600px\" \/><\/a><\/h2>\n<h2 class=\"western\"><a href=\"https:\/\/mia24.ee\/otsi?controller=search&amp;orderby=position&amp;orderway=desc&amp;search_query_cat=0&amp;search_query=biolatte+original&amp;submit_search=\">Original<\/a><\/h2>\n<p><strong>Kapslite manustamine:<\/strong> 3 kapslit p\u00e4evas koos veega, \u00bd tundi enne v\u00f5i p\u00e4rast s\u00f6\u00f6mist, mitte s\u00f6\u00f6giga koos.<\/p>\n<p><strong>Annusepakendite manustamine:<\/strong> 1 annusepakend p\u00e4evas koos veega, \u00bd tundi enne v\u00f5i p\u00e4rast s\u00f6\u00f6mist.<\/p>\n<h2 class=\"western\"><a href=\"https:\/\/mia24.ee\/biolatte-original-l-pulber-60-g?search_query=biolatte+original&amp;results=5\">Original-L<\/a><\/h2>\n<p>2,5 g (1 tl) segatuna veega (max 37 kraadi). Soovitatud p\u00e4evast annust mitte \u00fcletada. Toidulisand ei asenda mitmek\u00fclgset toitumist.<\/p>\n<h2 class=\"western\"><a href=\"https:\/\/mia24.ee\/biolatte-travel-kapslid-30-tk-15-g?search_query=travel&amp;results=2\">Travel<\/a><\/h2>\n<p>1 kapsel p\u00e4evas veega v\u00f5i vastavalt terapeudi v\u00f5i arsti soovitusele. Soovitame toodet hakata tarbima n\u00e4dal enne reisi algust ja j\u00e4tkata kogu reisi ajal. Soovitatud p\u00e4evast annust mitte \u00fcletada. Toidulisand ei asenda mitmek\u00fclgset toitumist<\/p>\n<h2 class=\"western\"><a href=\"https:\/\/mia24.ee\/otsi?controller=search&amp;orderby=position&amp;orderway=desc&amp;search_query_cat=0&amp;search_query=biolatte+boulardii&amp;submit_search=\">Boulardii<\/a><\/h2>\n<p><strong>Kapslite manustamine:<\/strong> 1\u20132 kapslit p\u00e4evas koos veega.<\/p>\n<p><strong>Annusepakendi manustamine:<\/strong> 1 annusepakend p\u00e4evas koos veega.\u00a0Toodet v\u00f5ib manustada nii toiduga kui ka t\u00fchja k\u00f5huga.\u00a0Soovitatud p\u00e4evast annust mitte \u00fcletada. Toidulisand ei asenda mitmek\u00fclgset toitumist.<\/p>\n<h2 class=\"western\"><a href=\"https:\/\/mia24.ee\/otsi?controller=search&amp;orderby=position&amp;orderway=desc&amp;search_query_cat=0&amp;search_query=superzym&amp;submit_search=\">Superzym<\/a><\/h2>\n<p>1 kapsel p\u00e4evas veega v\u00f5i vastavalt terapeudi v\u00f5i arsti soovitusele. V\u00f5tta s\u00f6\u00f6gikorra ajal v\u00f5i vahetult p\u00e4rast s\u00f6\u00f6mist.\u00a0Ens\u00fc\u00fcmitooteid ei tohi manustada koos teiste ravimite ega ka alkoholiga (vahe peab olema v\u00e4hemalt 1 tund).\u00a0Soovitatud annust mitte \u00fcletada. Toidulisand ei asenda mitmek\u00fclgset toitumist.<\/p>\n<h2 class=\"western\"><a href=\"https:\/\/mia24.ee\/biolatte-hiivax-kapslid-110tk-55g\">Hiivax<\/a><\/h2>\n<p>1 kapsel p\u00e4evas veega v\u00f5i vastavalt terapeudi v\u00f5i arsti soovitusele. V\u00f5tta s\u00f6\u00f6gikorra ajal v\u00f5i vahetult p\u00e4rast s\u00f6\u00f6mist.\u00a0Ens\u00fc\u00fcmitooteid ei tohi manustada koos teiste ravimite ega ka alkoholiga (vahe peab olema v\u00e4hemalt 1 tund).\u00a0Soovitatud annust mitte \u00fcletada. Toidulisand ei asenda mitmek\u00fclgset toitumist.<\/p>\n<h2><a href=\"https:\/\/mia24.ee\/biolatte-ladyzym-kapslid-60tk-30g?search_query=ladyzym&amp;results=1\">Ladyzym<\/a><\/h2>\n<p>1 kapsel p\u00e4evas veega v\u00f5i vastavalt terapeudi v\u00f5i arsti soovitusele. V\u00f5tta s\u00f6\u00f6gikorra ajal v\u00f5i vahetult p\u00e4rast s\u00f6\u00f6mist.\u00a0Ens\u00fc\u00fcmitooteid ei tohi manustada koos teiste ravimite ega ka alkoholiga (vahe peab olema v\u00e4hemalt 1 tund).\u00a0Soovitatud annust mitte \u00fcletada. Toidulisand ei asenda mitmek\u00fclgset toitumist.<\/p>\n<h2 class=\"western\"><a href=\"https:\/\/mia24.ee\/biolatte-havitall-pulber-250-g?search_query=havitall&amp;results=1\">Havitall<\/a><\/h2>\n<p>Segada \u00fcks supilusikat\u00e4is Havitall pulbrit 2 dl veega. Tarbi kohe p\u00e4rast segamist. \u00dcks kord p\u00e4evas u\u00a06 g. Soovitatav on juua p\u00e4eva jooksul palju vett.\u00a0Ei sobi alla 6-aastastele lastele. Pulbrit ei tohi raputada otse suhu, kuna paisub vedelikuga kokkupuutel ning v\u00f5ib tekkida l\u00e4mbumisoht.\u00a0Soovitatud annust mitte \u00fcletada. Toidulisand ei asenda mitmek\u00fclgset toitumist.<\/p>\n<h2 class=\"western\"><a href=\"https:\/\/mia24.ee\/biolatte-subtilis-kapslid-60tk-30g?search_query=subtilis&amp;results=1\">Subtilis<\/a><\/h2>\n<p>2 kapslit p\u00e4evas koos veega s\u00f6\u00f6mise ajal. Soovitatud annust mitte \u00fcletada. Toidulisand ei asenda mitmek\u00fclgset toitumist. Subtilist v\u00f5ivad kasutada ka rasedad ja rinnaga toitvad emad.<\/p>\n<p>V\u00e4ikelastele kergema haiguse korral 1-2tk 3x p\u00e4evas, raskema haiguse (gripp, k\u00f5rge palavik) siis 3tk 3x p\u00e4evas.<\/p>\n<p>Loe ka <a href=\"https:\/\/mia24.ee\/infonurk\/kusimused-ja-vastused-biolatte-probiootikumide-kohta\/toodete-manustamine\/\">kuidas Biolatte tooteid manustada<\/a>\u00a0ja <a href=\"https:\/\/mia24.ee\/infonurk\/kusimused-ja-vastused-biolatte-probiootikumide-kohta\/kuidas-ja-millest-tehtud\/\">enimlevinud k\u00fcsimusi Biolatte toodete kohta!<\/a><\/p>\n<p>Lisaks v\u00f5ib k\u00f5ikide k\u00fcsimustega p\u00f6\u00f6rduda maaletooja poole <a href=\"https:\/\/www.facebook.com\/HarmEesti\/?ref=br_rs\">facebookis<\/a>!<\/p>\n<p><strong>Milline Biolatte toode on Sinu lemmik?<\/strong><\/p>\n","protected":false},"excerpt":{"rendered":"<p>Biolatte toodete manustamine Biolatte tooted on toidulisandid ja ei asenda t\u00e4isv\u00e4\u00e4rtuslikku toitumist. Tegemist ei ole ravimitega. Personaalse info saamiseks pea n\u00f5u asjatundjaga. Allj\u00e4rgnev info on tootjapoolne soovitus toodete manustamise kohta. Siit saad teada, kas v\u00f5tta biolatted enne v\u00f5i peale s\u00f6\u00f6ki, kui palju ja kuidas t\u00e4pselt. Original Kapslite manustamine: 3 kapslit p\u00e4evas koos veega, \u00bd tundi enne v\u00f5i p\u00e4rast s\u00f6\u00f6mist, mitte &#8230;<\/p>\n","protected":false},"author":2,"featured_media":0,"parent":547,"menu_order":0,"comment_status":"closed","ping_status":"closed","template":"","meta":{"_monsterinsights_skip_tracking":false,"_monsterinsights_sitenote_active":false,"_monsterinsights_sitenote_note":"","_monsterinsights_sitenote_category":0,"footnotes":""},"class_list":["post-555","page","type-page","status-publish","hentry","no-post-thumbnail"],"yoast_head":"<!-- This site is optimized with the Yoast SEO plugin v27.4 - https:\/\/yoast.com\/product\/yoast-seo-wordpress\/ -->\n<title>Info Biolatte toodete manustamise kohta - LOE SIIT!<\/title>\n<meta name=\"description\" content=\"Info Biolatte Original, Original-L, Subtilis, Travel, Ladyzym, Havitall, Boulardii, Superzym ja Hiivax annustamise kohta - loe siit!\" \/>\n<meta name=\"robots\" content=\"index, follow, max-snippet:-1, max-image-preview:large, max-video-preview:-1\" \/>\n<link rel=\"canonical\" href=\"https:\/\/mia24.ee\/infonurk\/kusimused-ja-vastused-biolatte-probiootikumide-kohta\/biolatte-toodete-manustamine\/\" \/>\n<meta property=\"og:locale\" content=\"et_EE\" \/>\n<meta property=\"og:type\" content=\"article\" \/>\n<meta property=\"og:title\" content=\"Info Biolatte toodete manustamise kohta - LOE SIIT!\" \/>\n<meta property=\"og:description\" content=\"Info Biolatte Original, Original-L, Subtilis, Travel, Ladyzym, Havitall, Boulardii, Superzym ja Hiivax annustamise kohta - loe siit!\" \/>\n<meta property=\"og:url\" content=\"https:\/\/mia24.ee\/infonurk\/kusimused-ja-vastused-biolatte-probiootikumide-kohta\/biolatte-toodete-manustamine\/\" \/>\n<meta property=\"og:site_name\" content=\"Mia24.ee | Tervise- ja ilublogi\" \/>\n<meta property=\"article:publisher\" content=\"https:\/\/www.facebook.com\/mia24.ee\" \/>\n<meta property=\"article:modified_time\" content=\"2019-03-05T08:32:20+00:00\" \/>\n<meta property=\"og:image\" content=\"https:\/\/mia24.ee\/infonurk\/wp-content\/uploads\/2017\/09\/PARIM-VALIK.png\" \/>\n<meta name=\"twitter:card\" content=\"summary_large_image\" \/>\n<meta name=\"twitter:label1\" content=\"Est. reading time\" \/>\n\t<meta name=\"twitter:data1\" content=\"2 minutit\" \/>\n<script type=\"application\/ld+json\" class=\"yoast-schema-graph\">{\"@context\":\"https:\\\/\\\/schema.org\",\"@graph\":[{\"@type\":\"WebPage\",\"@id\":\"https:\\\/\\\/mia24.ee\\\/infonurk\\\/kusimused-ja-vastused-biolatte-probiootikumide-kohta\\\/biolatte-toodete-manustamine\\\/\",\"url\":\"https:\\\/\\\/mia24.ee\\\/infonurk\\\/kusimused-ja-vastused-biolatte-probiootikumide-kohta\\\/biolatte-toodete-manustamine\\\/\",\"name\":\"Info Biolatte toodete manustamise kohta - LOE SIIT!\",\"isPartOf\":{\"@id\":\"https:\\\/\\\/mia24.ee\\\/infonurk\\\/#website\"},\"primaryImageOfPage\":{\"@id\":\"https:\\\/\\\/mia24.ee\\\/infonurk\\\/kusimused-ja-vastused-biolatte-probiootikumide-kohta\\\/biolatte-toodete-manustamine\\\/#primaryimage\"},\"image\":{\"@id\":\"https:\\\/\\\/mia24.ee\\\/infonurk\\\/kusimused-ja-vastused-biolatte-probiootikumide-kohta\\\/biolatte-toodete-manustamine\\\/#primaryimage\"},\"thumbnailUrl\":\"https:\\\/\\\/mia24.ee\\\/infonurk\\\/wp-content\\\/uploads\\\/2017\\\/09\\\/PARIM-VALIK.png\",\"datePublished\":\"2017-09-21T11:58:27+00:00\",\"dateModified\":\"2019-03-05T08:32:20+00:00\",\"description\":\"Info Biolatte Original, Original-L, Subtilis, Travel, Ladyzym, Havitall, Boulardii, Superzym ja Hiivax annustamise kohta - loe siit!\",\"breadcrumb\":{\"@id\":\"https:\\\/\\\/mia24.ee\\\/infonurk\\\/kusimused-ja-vastused-biolatte-probiootikumide-kohta\\\/biolatte-toodete-manustamine\\\/#breadcrumb\"},\"inLanguage\":\"et\",\"potentialAction\":[{\"@type\":\"ReadAction\",\"target\":[\"https:\\\/\\\/mia24.ee\\\/infonurk\\\/kusimused-ja-vastused-biolatte-probiootikumide-kohta\\\/biolatte-toodete-manustamine\\\/\"]}]},{\"@type\":\"ImageObject\",\"inLanguage\":\"et\",\"@id\":\"https:\\\/\\\/mia24.ee\\\/infonurk\\\/kusimused-ja-vastused-biolatte-probiootikumide-kohta\\\/biolatte-toodete-manustamine\\\/#primaryimage\",\"url\":\"https:\\\/\\\/mia24.ee\\\/infonurk\\\/wp-content\\\/uploads\\\/2017\\\/09\\\/PARIM-VALIK.png\",\"contentUrl\":\"https:\\\/\\\/mia24.ee\\\/infonurk\\\/wp-content\\\/uploads\\\/2017\\\/09\\\/PARIM-VALIK.png\",\"width\":600,\"height\":200,\"caption\":\"Biolatte\"},{\"@type\":\"BreadcrumbList\",\"@id\":\"https:\\\/\\\/mia24.ee\\\/infonurk\\\/kusimused-ja-vastused-biolatte-probiootikumide-kohta\\\/biolatte-toodete-manustamine\\\/#breadcrumb\",\"itemListElement\":[{\"@type\":\"ListItem\",\"position\":1,\"name\":\"Home\",\"item\":\"https:\\\/\\\/mia24.ee\\\/infonurk\\\/\"},{\"@type\":\"ListItem\",\"position\":2,\"name\":\"K\u00fcsimused ja vastused Biolatte probiootikumide ja ens\u00fc\u00fcmide kohta\",\"item\":\"https:\\\/\\\/mia24.ee\\\/infonurk\\\/kusimused-ja-vastused-biolatte-probiootikumide-kohta\\\/\"},{\"@type\":\"ListItem\",\"position\":3,\"name\":\"Biolatte toodete manustamine\"}]},{\"@type\":\"WebSite\",\"@id\":\"https:\\\/\\\/mia24.ee\\\/infonurk\\\/#website\",\"url\":\"https:\\\/\\\/mia24.ee\\\/infonurk\\\/\",\"name\":\"Mia24.ee | Tervise- ja ilublogi\",\"description\":\"Toome Sinuni olulisemad ilu- ja terviseteemad.\",\"publisher\":{\"@id\":\"https:\\\/\\\/mia24.ee\\\/infonurk\\\/#organization\"},\"potentialAction\":[{\"@type\":\"SearchAction\",\"target\":{\"@type\":\"EntryPoint\",\"urlTemplate\":\"https:\\\/\\\/mia24.ee\\\/infonurk\\\/?s={search_term_string}\"},\"query-input\":{\"@type\":\"PropertyValueSpecification\",\"valueRequired\":true,\"valueName\":\"search_term_string\"}}],\"inLanguage\":\"et\"},{\"@type\":\"Organization\",\"@id\":\"https:\\\/\\\/mia24.ee\\\/infonurk\\\/#organization\",\"name\":\"Mia24.ee\",\"url\":\"https:\\\/\\\/mia24.ee\\\/infonurk\\\/\",\"logo\":{\"@type\":\"ImageObject\",\"inLanguage\":\"et\",\"@id\":\"https:\\\/\\\/mia24.ee\\\/infonurk\\\/#\\\/schema\\\/logo\\\/image\\\/\",\"url\":\"https:\\\/\\\/mia24.ee\\\/infonurk\\\/wp-content\\\/uploads\\\/2015\\\/01\\\/LOGO.jpg\",\"contentUrl\":\"https:\\\/\\\/mia24.ee\\\/infonurk\\\/wp-content\\\/uploads\\\/2015\\\/01\\\/LOGO.jpg\",\"width\":200,\"height\":71,\"caption\":\"Mia24.ee\"},\"image\":{\"@id\":\"https:\\\/\\\/mia24.ee\\\/infonurk\\\/#\\\/schema\\\/logo\\\/image\\\/\"},\"sameAs\":[\"https:\\\/\\\/www.facebook.com\\\/mia24.ee\"]}]}<\/script>\n<!-- \/ Yoast SEO plugin. -->","yoast_head_json":{"title":"Info Biolatte toodete manustamise kohta - LOE SIIT!","description":"Info Biolatte Original, Original-L, Subtilis, Travel, Ladyzym, Havitall, Boulardii, Superzym ja Hiivax annustamise kohta - loe siit!","robots":{"index":"index","follow":"follow","max-snippet":"max-snippet:-1","max-image-preview":"max-image-preview:large","max-video-preview":"max-video-preview:-1"},"canonical":"https:\/\/mia24.ee\/infonurk\/kusimused-ja-vastused-biolatte-probiootikumide-kohta\/biolatte-toodete-manustamine\/","og_locale":"et_EE","og_type":"article","og_title":"Info Biolatte toodete manustamise kohta - LOE SIIT!","og_description":"Info Biolatte Original, Original-L, Subtilis, Travel, Ladyzym, Havitall, Boulardii, Superzym ja Hiivax annustamise kohta - loe siit!","og_url":"https:\/\/mia24.ee\/infonurk\/kusimused-ja-vastused-biolatte-probiootikumide-kohta\/biolatte-toodete-manustamine\/","og_site_name":"Mia24.ee | Tervise- ja ilublogi","article_publisher":"https:\/\/www.facebook.com\/mia24.ee","article_modified_time":"2019-03-05T08:32:20+00:00","og_image":[{"url":"https:\/\/mia24.ee\/infonurk\/wp-content\/uploads\/2017\/09\/PARIM-VALIK.png","type":"","width":"","height":""}],"twitter_card":"summary_large_image","twitter_misc":{"Est. reading time":"2 minutit"},"schema":{"@context":"https:\/\/schema.org","@graph":[{"@type":"WebPage","@id":"https:\/\/mia24.ee\/infonurk\/kusimused-ja-vastused-biolatte-probiootikumide-kohta\/biolatte-toodete-manustamine\/","url":"https:\/\/mia24.ee\/infonurk\/kusimused-ja-vastused-biolatte-probiootikumide-kohta\/biolatte-toodete-manustamine\/","name":"Info Biolatte toodete manustamise kohta - LOE SIIT!","isPartOf":{"@id":"https:\/\/mia24.ee\/infonurk\/#website"},"primaryImageOfPage":{"@id":"https:\/\/mia24.ee\/infonurk\/kusimused-ja-vastused-biolatte-probiootikumide-kohta\/biolatte-toodete-manustamine\/#primaryimage"},"image":{"@id":"https:\/\/mia24.ee\/infonurk\/kusimused-ja-vastused-biolatte-probiootikumide-kohta\/biolatte-toodete-manustamine\/#primaryimage"},"thumbnailUrl":"https:\/\/mia24.ee\/infonurk\/wp-content\/uploads\/2017\/09\/PARIM-VALIK.png","datePublished":"2017-09-21T11:58:27+00:00","dateModified":"2019-03-05T08:32:20+00:00","description":"Info Biolatte Original, Original-L, Subtilis, Travel, Ladyzym, Havitall, Boulardii, Superzym ja Hiivax annustamise kohta - loe siit!","breadcrumb":{"@id":"https:\/\/mia24.ee\/infonurk\/kusimused-ja-vastused-biolatte-probiootikumide-kohta\/biolatte-toodete-manustamine\/#breadcrumb"},"inLanguage":"et","potentialAction":[{"@type":"ReadAction","target":["https:\/\/mia24.ee\/infonurk\/kusimused-ja-vastused-biolatte-probiootikumide-kohta\/biolatte-toodete-manustamine\/"]}]},{"@type":"ImageObject","inLanguage":"et","@id":"https:\/\/mia24.ee\/infonurk\/kusimused-ja-vastused-biolatte-probiootikumide-kohta\/biolatte-toodete-manustamine\/#primaryimage","url":"https:\/\/mia24.ee\/infonurk\/wp-content\/uploads\/2017\/09\/PARIM-VALIK.png","contentUrl":"https:\/\/mia24.ee\/infonurk\/wp-content\/uploads\/2017\/09\/PARIM-VALIK.png","width":600,"height":200,"caption":"Biolatte"},{"@type":"BreadcrumbList","@id":"https:\/\/mia24.ee\/infonurk\/kusimused-ja-vastused-biolatte-probiootikumide-kohta\/biolatte-toodete-manustamine\/#breadcrumb","itemListElement":[{"@type":"ListItem","position":1,"name":"Home","item":"https:\/\/mia24.ee\/infonurk\/"},{"@type":"ListItem","position":2,"name":"K\u00fcsimused ja vastused Biolatte probiootikumide ja ens\u00fc\u00fcmide kohta","item":"https:\/\/mia24.ee\/infonurk\/kusimused-ja-vastused-biolatte-probiootikumide-kohta\/"},{"@type":"ListItem","position":3,"name":"Biolatte toodete manustamine"}]},{"@type":"WebSite","@id":"https:\/\/mia24.ee\/infonurk\/#website","url":"https:\/\/mia24.ee\/infonurk\/","name":"Mia24.ee | Tervise- ja ilublogi","description":"Toome Sinuni olulisemad ilu- ja terviseteemad.","publisher":{"@id":"https:\/\/mia24.ee\/infonurk\/#organization"},"potentialAction":[{"@type":"SearchAction","target":{"@type":"EntryPoint","urlTemplate":"https:\/\/mia24.ee\/infonurk\/?s={search_term_string}"},"query-input":{"@type":"PropertyValueSpecification","valueRequired":true,"valueName":"search_term_string"}}],"inLanguage":"et"},{"@type":"Organization","@id":"https:\/\/mia24.ee\/infonurk\/#organization","name":"Mia24.ee","url":"https:\/\/mia24.ee\/infonurk\/","logo":{"@type":"ImageObject","inLanguage":"et","@id":"https:\/\/mia24.ee\/infonurk\/#\/schema\/logo\/image\/","url":"https:\/\/mia24.ee\/infonurk\/wp-content\/uploads\/2015\/01\/LOGO.jpg","contentUrl":"https:\/\/mia24.ee\/infonurk\/wp-content\/uploads\/2015\/01\/LOGO.jpg","width":200,"height":71,"caption":"Mia24.ee"},"image":{"@id":"https:\/\/mia24.ee\/infonurk\/#\/schema\/logo\/image\/"},"sameAs":["https:\/\/www.facebook.com\/mia24.ee"]}]}},"amp_enabled":true,"_links":{"self":[{"href":"https:\/\/mia24.ee\/infonurk\/wp-json\/wp\/v2\/pages\/555","targetHints":{"allow":["GET"]}}],"collection":[{"href":"https:\/\/mia24.ee\/infonurk\/wp-json\/wp\/v2\/pages"}],"about":[{"href":"https:\/\/mia24.ee\/infonurk\/wp-json\/wp\/v2\/types\/page"}],"author":[{"embeddable":true,"href":"https:\/\/mia24.ee\/infonurk\/wp-json\/wp\/v2\/users\/2"}],"replies":[{"embeddable":true,"href":"https:\/\/mia24.ee\/infonurk\/wp-json\/wp\/v2\/comments?post=555"}],"version-history":[{"count":0,"href":"https:\/\/mia24.ee\/infonurk\/wp-json\/wp\/v2\/pages\/555\/revisions"}],"up":[{"embeddable":true,"href":"https:\/\/mia24.ee\/infonurk\/wp-json\/wp\/v2\/pages\/547"}],"wp:attachment":[{"href":"https:\/\/mia24.ee\/infonurk\/wp-json\/wp\/v2\/media?parent=555"}],"curies":[{"name":"wp","href":"https:\/\/api.w.org\/{rel}","templated":true}]}}