{"id":573,"date":"2017-09-21T12:20:03","date_gmt":"2017-09-21T12:20:03","guid":{"rendered":"https:\/\/mia24.ee\/infonurk\/?page_id=573"},"modified":"2018-11-13T14:46:12","modified_gmt":"2018-11-13T11:46:12","slug":"millist-toodet-valida","status":"publish","type":"page","link":"https:\/\/mia24.ee\/infonurk\/kusimused-ja-vastused-biolatte-probiootikumide-kohta\/millist-toodet-valida\/","title":{"rendered":"Millist Biolatte toodet valida?"},"content":{"rendered":"<h1>Millist Biolatte toodet valida?<\/h1>\n<p>Biolattel on p\u00e4ris mitu erinevat toodet, ja v\u00f5ib olla \u00fcsna raske otsustada, millist neist valida. Siin on v\u00e4ike l\u00fchiinfo selle kohta, milleks need loodud on. Tegemist on meie kasutajate tagasidele ja Biolatte enda infole tugineva materjaliga. Kui sa aga siit abi ei saa, siis k\u00fcsi julgesti oma k\u00fcsimus kommentaarides.<\/p>\n<p><a href=\"https:\/\/mia24.ee\/tootja\/biolatte\"><img loading=\"lazy\" decoding=\"async\" class=\"alignleft size-full wp-image-559\" src=\"https:\/\/mia24.ee\/infonurk\/wp-content\/uploads\/2017\/09\/PARIM-VALIK.png\" alt=\"Biolatte\" width=\"600\" height=\"200\" srcset=\"https:\/\/mia24.ee\/infonurk\/wp-content\/uploads\/2017\/09\/PARIM-VALIK.png 600w, https:\/\/mia24.ee\/infonurk\/wp-content\/uploads\/2017\/09\/PARIM-VALIK-300x100.png 300w\" sizes=\"auto, (max-width: 600px) 100vw, 600px\" \/><\/a><\/p>\n<h2 class=\"western\"><a href=\"https:\/\/mia24.ee\/otsi?controller=search&amp;orderby=position&amp;orderway=desc&amp;search_query_cat=0&amp;search_query=biolatte+original&amp;submit_search=\">Original<\/a><\/h2>\n<p>Tegemist on ehtsa ja originaalse piimhappebaktereid sisaldava tootega, mis aitab tugevdada organismi vastupanuv\u00f5imet. Sobib kasutamiseks soolestikuprobleemide ennetamiseks ja leevendamiseks, sest hoolikalt valitud inimspetsiifilised bakterit\u00fcved tugevdavad soolestiku mikrofloorat. Toodab organismis looduslikke antibiootikume.<\/p>\n<h2 class=\"western\"><a href=\"https:\/\/mia24.ee\/biolatte-original-l-pulber-60-g?search_query=biolatte+original&amp;results=5\">Original-L ehk varasemalt Biolatte BB<\/a><\/h2>\n<p>Eriti just lastele, sealjuures ka vasts\u00fcndinutele m\u00f5eldud kergesti lahustuv piimhappebakterite preparaat, mida saab lahustada vees (n\u00e4iteks lutipudelis) v\u00f5i segada rinnapiimaga. Toode sisaldab imikule omast ja kliiniliselt kontrollitud piimhappebakterit lisaks veel kolmele teisele eluj\u00f5ulisele bakterit\u00fcvele. Original-L ei sisalda allergeene.<\/p>\n<h2 class=\"western\"><a href=\"https:\/\/mia24.ee\/biolatte-travel-kapslid-30-tk-15-g?search_query=travel&amp;results=2\">Travel<\/a><\/h2>\n<p>Suurep\u00e4rane toode reisijatele, mis \u00fchendab endas piimhappebaktereid, tsinki ja limaskesti kaitsvat bakterit. Tsink aitab toetada rasvhappe ainevahetust ja immuuns\u00fcsteemi normaalset t\u00f6\u00f6d.<\/p>\n<h2 class=\"western\"><a href=\"https:\/\/mia24.ee\/otsi?controller=search&amp;orderby=position&amp;orderway=desc&amp;search_query_cat=0&amp;search_query=biolatte+boulardii&amp;submit_search=\">Boulardii<\/a><\/h2>\n<p>Limaskestade hea seisukord on soolestiku tervise alus. Boulardii kaitseb ja parandab kahjustunud limaskesta. Limaskestad peavad olema terved, et haigustekitajad ei p\u00e4\u00e4seks vereringesse. Seet\u00f5ttu on boulardii eriti vajalik nakkusrohketel perioodidel, haiguse ajal ja ka j\u00e4rgselt. Muul ajal on ta kasulik organismi tugevdamiseks, soolestiku mikroobidele terve kasvupinnase loomiseks jne. Eriti populaarne ka beebide seedeprobleemide, gaasivalude ja haigusn\u00e4htude leevendamiseks.<\/p>\n<h2 class=\"western\"><a href=\"https:\/\/mia24.ee\/biolatte-subtilis-kapslid-60tk-30g?search_query=subtilis&amp;results=1\">Subtilis<\/a><\/h2>\n<p>Tugevdab vastupanuv\u00f5imet. Kui Sinu elus v\u00f5ib tekkida stressi, elustiili- v\u00f5i s\u00f6\u00f6misharjumiste muutuseid, kehalist koormust v\u00f5i magamatust, siis subtilis hoiab vastupanuv\u00f5ime neist n\u00f5rgendavatest asjaoludest hoolimata tugevana. Aitab t\u00f5rjuda viiruseid ja baktereid. Subtilises sisalduv tsink aitab kaasa rasvhapete ainevahetusele, pH tasakaalu hoidmisele ja immuuns\u00fcsteemi normaalsele t\u00f6\u00f6le.\u00a0Subtilist v\u00f5ivad kasutada ka rasedad ja rinnaga toitvad emad (info maaletoojalt).<\/p>\n<h2 class=\"western\"><a href=\"https:\/\/mia24.ee\/otsi?controller=search&amp;orderby=position&amp;orderway=desc&amp;search_query_cat=0&amp;search_query=superzym&amp;submit_search=\">Superzym<\/a><\/h2>\n<p>Tegemist on ens\u00fc\u00fcmipreparaadiga, milles sisalduvad 7 inimspetsiifilist ens\u00fc\u00fcmi t\u00f5hustavad seedimist, l\u00f5hustades toitaineid ja parandades nende t\u00f6\u00f6tlemist ning imendumist soolestikus.<\/p>\n<h2 class=\"western\"><a href=\"https:\/\/mia24.ee\/biolatte-ladyzym-kapslid-60tk-30g?search_query=ladyzym&amp;results=1\">Ladyzym<\/a><\/h2>\n<p>Naistele suunatud inimspetsiifilised ens\u00fc\u00fcmid aitavad l\u00f5hustada toitaineid, eriti rasvu ja aidata kaasa seedimisele ning k\u00f5hu normaalsele talitlusele.<\/p>\n<h2 class=\"western\"><a href=\"https:\/\/mia24.ee\/biolatte-hiivax-kapslid-110tk-55g?search_query=hiivax&amp;results=1\">Hiivax<\/a><\/h2>\n<p>Tootes sisalduvad inimspetsiifilised ens\u00fc\u00fcmid l\u00f5hustavad toiduvalke ja aitavad kaasa seedimisele. Cayenne\u2019i pipar, kaneel ja ingver aktiveerivad k\u00f5hun\u00e4\u00e4rme t\u00f6\u00f6d ja aitavad eemaldada p\u00e4rmseent.<\/p>\n<h2 class=\"western\"><a href=\"https:\/\/mia24.ee\/biolatte-havitall-pulber-250-g?search_query=havitall&amp;results=1\">Havitall<\/a><\/h2>\n<p>Ps\u00fclliumi kesta kiud suurendavad ja aitavad pehmendada v\u00e4ljaheite massi, mis omakorda aktiveerib soolestiku t\u00f6\u00f6d. Kiud aitavad soolestiku puhastamisele kaasa, sidudes end kahjulike \u00fchenditega. Kiud suurendavad soolestiku osmootilist r\u00f5hku. Piimhappebakterid arenevad kiiremini ja efektiivsemalt. Toode on sobilik eriti neile, kellel on n\u00f6. laisk sool. Sobib ka lastele.<\/p>\n<p>&nbsp;<\/p>\n<p>Loe siit <a href=\"https:\/\/mia24.ee\/infonurk\/kusimused-ja-vastused-biolatte-probiootikumide-kohta\/kuidas-ja-millest-tehtud\/\">\u00fcldiseid k\u00fcsimusi Biolatte toodete kohta<\/a> ja infot <a href=\"https:\/\/mia24.ee\/infonurk\/kusimused-ja-vastused-biolatte-probiootikumide-kohta\/toodete-manustamine\/\">kuidas neid manustada!<\/a><\/p>\n<p><strong>Kirjuta millist toodet Sina oled kasutanud ja kas on aidanud?<\/strong><\/p>\n","protected":false},"excerpt":{"rendered":"<p>Millist Biolatte toodet valida? Biolattel on p\u00e4ris mitu erinevat toodet, ja v\u00f5ib olla \u00fcsna raske otsustada, millist neist valida. Siin on v\u00e4ike l\u00fchiinfo selle kohta, milleks need loodud on. Tegemist on meie kasutajate tagasidele ja Biolatte enda infole tugineva materjaliga. Kui sa aga siit abi ei saa, siis k\u00fcsi julgesti oma k\u00fcsimus kommentaarides. Original Tegemist on ehtsa ja originaalse piimhappebaktereid &#8230;<\/p>\n","protected":false},"author":2,"featured_media":0,"parent":547,"menu_order":1,"comment_status":"closed","ping_status":"closed","template":"","meta":{"_monsterinsights_skip_tracking":false,"_monsterinsights_sitenote_active":false,"_monsterinsights_sitenote_note":"","_monsterinsights_sitenote_category":0,"footnotes":""},"class_list":["post-573","page","type-page","status-publish","hentry","no-post-thumbnail"],"yoast_head":"<!-- This site is optimized with the Yoast SEO plugin v27.4 - https:\/\/yoast.com\/product\/yoast-seo-wordpress\/ -->\n<title>Millist Biolatte toodet valida ja mille puhul ta hea on? Loe siit!<\/title>\n<meta name=\"description\" content=\"Siin on l\u00fchiinfo Biolatte toodete (Original, Original-L, Travel, Subtilis, Ladyzym, Boulardii, Hiivax, Havitall) tarbimise ja kasulikkuse kohta.\" \/>\n<meta name=\"robots\" content=\"index, follow, max-snippet:-1, max-image-preview:large, max-video-preview:-1\" \/>\n<link rel=\"canonical\" href=\"https:\/\/mia24.ee\/infonurk\/kusimused-ja-vastused-biolatte-probiootikumide-kohta\/millist-toodet-valida\/\" \/>\n<meta property=\"og:locale\" content=\"et_EE\" \/>\n<meta property=\"og:type\" content=\"article\" \/>\n<meta property=\"og:title\" content=\"Millist Biolatte toodet valida ja mille puhul ta hea on? Loe siit!\" \/>\n<meta property=\"og:description\" content=\"Siin on l\u00fchiinfo Biolatte toodete (Original, Original-L, Travel, Subtilis, Ladyzym, Boulardii, Hiivax, Havitall) tarbimise ja kasulikkuse kohta.\" \/>\n<meta property=\"og:url\" content=\"https:\/\/mia24.ee\/infonurk\/kusimused-ja-vastused-biolatte-probiootikumide-kohta\/millist-toodet-valida\/\" \/>\n<meta property=\"og:site_name\" content=\"Mia24.ee | Tervise- ja ilublogi\" \/>\n<meta property=\"article:publisher\" content=\"https:\/\/www.facebook.com\/mia24.ee\" \/>\n<meta property=\"article:modified_time\" content=\"2018-11-13T11:46:12+00:00\" \/>\n<meta property=\"og:image\" content=\"https:\/\/mia24.ee\/infonurk\/wp-content\/uploads\/2017\/09\/PARIM-VALIK.png\" \/>\n<meta name=\"twitter:card\" content=\"summary_large_image\" \/>\n<meta name=\"twitter:label1\" content=\"Est. reading time\" \/>\n\t<meta name=\"twitter:data1\" content=\"2 minutit\" \/>\n<script type=\"application\/ld+json\" class=\"yoast-schema-graph\">{\"@context\":\"https:\\\/\\\/schema.org\",\"@graph\":[{\"@type\":\"WebPage\",\"@id\":\"https:\\\/\\\/mia24.ee\\\/infonurk\\\/kusimused-ja-vastused-biolatte-probiootikumide-kohta\\\/millist-toodet-valida\\\/\",\"url\":\"https:\\\/\\\/mia24.ee\\\/infonurk\\\/kusimused-ja-vastused-biolatte-probiootikumide-kohta\\\/millist-toodet-valida\\\/\",\"name\":\"Millist Biolatte toodet valida ja mille puhul ta hea on? Loe siit!\",\"isPartOf\":{\"@id\":\"https:\\\/\\\/mia24.ee\\\/infonurk\\\/#website\"},\"primaryImageOfPage\":{\"@id\":\"https:\\\/\\\/mia24.ee\\\/infonurk\\\/kusimused-ja-vastused-biolatte-probiootikumide-kohta\\\/millist-toodet-valida\\\/#primaryimage\"},\"image\":{\"@id\":\"https:\\\/\\\/mia24.ee\\\/infonurk\\\/kusimused-ja-vastused-biolatte-probiootikumide-kohta\\\/millist-toodet-valida\\\/#primaryimage\"},\"thumbnailUrl\":\"https:\\\/\\\/mia24.ee\\\/infonurk\\\/wp-content\\\/uploads\\\/2017\\\/09\\\/PARIM-VALIK.png\",\"datePublished\":\"2017-09-21T12:20:03+00:00\",\"dateModified\":\"2018-11-13T11:46:12+00:00\",\"description\":\"Siin on l\u00fchiinfo Biolatte toodete (Original, Original-L, Travel, Subtilis, Ladyzym, Boulardii, Hiivax, Havitall) tarbimise ja kasulikkuse kohta.\",\"breadcrumb\":{\"@id\":\"https:\\\/\\\/mia24.ee\\\/infonurk\\\/kusimused-ja-vastused-biolatte-probiootikumide-kohta\\\/millist-toodet-valida\\\/#breadcrumb\"},\"inLanguage\":\"et\",\"potentialAction\":[{\"@type\":\"ReadAction\",\"target\":[\"https:\\\/\\\/mia24.ee\\\/infonurk\\\/kusimused-ja-vastused-biolatte-probiootikumide-kohta\\\/millist-toodet-valida\\\/\"]}]},{\"@type\":\"ImageObject\",\"inLanguage\":\"et\",\"@id\":\"https:\\\/\\\/mia24.ee\\\/infonurk\\\/kusimused-ja-vastused-biolatte-probiootikumide-kohta\\\/millist-toodet-valida\\\/#primaryimage\",\"url\":\"https:\\\/\\\/mia24.ee\\\/infonurk\\\/wp-content\\\/uploads\\\/2017\\\/09\\\/PARIM-VALIK.png\",\"contentUrl\":\"https:\\\/\\\/mia24.ee\\\/infonurk\\\/wp-content\\\/uploads\\\/2017\\\/09\\\/PARIM-VALIK.png\",\"width\":600,\"height\":200,\"caption\":\"Biolatte\"},{\"@type\":\"BreadcrumbList\",\"@id\":\"https:\\\/\\\/mia24.ee\\\/infonurk\\\/kusimused-ja-vastused-biolatte-probiootikumide-kohta\\\/millist-toodet-valida\\\/#breadcrumb\",\"itemListElement\":[{\"@type\":\"ListItem\",\"position\":1,\"name\":\"Home\",\"item\":\"https:\\\/\\\/mia24.ee\\\/infonurk\\\/\"},{\"@type\":\"ListItem\",\"position\":2,\"name\":\"K\u00fcsimused ja vastused Biolatte probiootikumide ja ens\u00fc\u00fcmide kohta\",\"item\":\"https:\\\/\\\/mia24.ee\\\/infonurk\\\/kusimused-ja-vastused-biolatte-probiootikumide-kohta\\\/\"},{\"@type\":\"ListItem\",\"position\":3,\"name\":\"Millist Biolatte toodet valida?\"}]},{\"@type\":\"WebSite\",\"@id\":\"https:\\\/\\\/mia24.ee\\\/infonurk\\\/#website\",\"url\":\"https:\\\/\\\/mia24.ee\\\/infonurk\\\/\",\"name\":\"Mia24.ee | Tervise- ja ilublogi\",\"description\":\"Toome Sinuni olulisemad ilu- ja terviseteemad.\",\"publisher\":{\"@id\":\"https:\\\/\\\/mia24.ee\\\/infonurk\\\/#organization\"},\"potentialAction\":[{\"@type\":\"SearchAction\",\"target\":{\"@type\":\"EntryPoint\",\"urlTemplate\":\"https:\\\/\\\/mia24.ee\\\/infonurk\\\/?s={search_term_string}\"},\"query-input\":{\"@type\":\"PropertyValueSpecification\",\"valueRequired\":true,\"valueName\":\"search_term_string\"}}],\"inLanguage\":\"et\"},{\"@type\":\"Organization\",\"@id\":\"https:\\\/\\\/mia24.ee\\\/infonurk\\\/#organization\",\"name\":\"Mia24.ee\",\"url\":\"https:\\\/\\\/mia24.ee\\\/infonurk\\\/\",\"logo\":{\"@type\":\"ImageObject\",\"inLanguage\":\"et\",\"@id\":\"https:\\\/\\\/mia24.ee\\\/infonurk\\\/#\\\/schema\\\/logo\\\/image\\\/\",\"url\":\"https:\\\/\\\/mia24.ee\\\/infonurk\\\/wp-content\\\/uploads\\\/2015\\\/01\\\/LOGO.jpg\",\"contentUrl\":\"https:\\\/\\\/mia24.ee\\\/infonurk\\\/wp-content\\\/uploads\\\/2015\\\/01\\\/LOGO.jpg\",\"width\":200,\"height\":71,\"caption\":\"Mia24.ee\"},\"image\":{\"@id\":\"https:\\\/\\\/mia24.ee\\\/infonurk\\\/#\\\/schema\\\/logo\\\/image\\\/\"},\"sameAs\":[\"https:\\\/\\\/www.facebook.com\\\/mia24.ee\"]}]}<\/script>\n<!-- \/ Yoast SEO plugin. -->","yoast_head_json":{"title":"Millist Biolatte toodet valida ja mille puhul ta hea on? Loe siit!","description":"Siin on l\u00fchiinfo Biolatte toodete (Original, Original-L, Travel, Subtilis, Ladyzym, Boulardii, Hiivax, Havitall) tarbimise ja kasulikkuse kohta.","robots":{"index":"index","follow":"follow","max-snippet":"max-snippet:-1","max-image-preview":"max-image-preview:large","max-video-preview":"max-video-preview:-1"},"canonical":"https:\/\/mia24.ee\/infonurk\/kusimused-ja-vastused-biolatte-probiootikumide-kohta\/millist-toodet-valida\/","og_locale":"et_EE","og_type":"article","og_title":"Millist Biolatte toodet valida ja mille puhul ta hea on? Loe siit!","og_description":"Siin on l\u00fchiinfo Biolatte toodete (Original, Original-L, Travel, Subtilis, Ladyzym, Boulardii, Hiivax, Havitall) tarbimise ja kasulikkuse kohta.","og_url":"https:\/\/mia24.ee\/infonurk\/kusimused-ja-vastused-biolatte-probiootikumide-kohta\/millist-toodet-valida\/","og_site_name":"Mia24.ee | Tervise- ja ilublogi","article_publisher":"https:\/\/www.facebook.com\/mia24.ee","article_modified_time":"2018-11-13T11:46:12+00:00","og_image":[{"url":"https:\/\/mia24.ee\/infonurk\/wp-content\/uploads\/2017\/09\/PARIM-VALIK.png","type":"","width":"","height":""}],"twitter_card":"summary_large_image","twitter_misc":{"Est. reading time":"2 minutit"},"schema":{"@context":"https:\/\/schema.org","@graph":[{"@type":"WebPage","@id":"https:\/\/mia24.ee\/infonurk\/kusimused-ja-vastused-biolatte-probiootikumide-kohta\/millist-toodet-valida\/","url":"https:\/\/mia24.ee\/infonurk\/kusimused-ja-vastused-biolatte-probiootikumide-kohta\/millist-toodet-valida\/","name":"Millist Biolatte toodet valida ja mille puhul ta hea on? Loe siit!","isPartOf":{"@id":"https:\/\/mia24.ee\/infonurk\/#website"},"primaryImageOfPage":{"@id":"https:\/\/mia24.ee\/infonurk\/kusimused-ja-vastused-biolatte-probiootikumide-kohta\/millist-toodet-valida\/#primaryimage"},"image":{"@id":"https:\/\/mia24.ee\/infonurk\/kusimused-ja-vastused-biolatte-probiootikumide-kohta\/millist-toodet-valida\/#primaryimage"},"thumbnailUrl":"https:\/\/mia24.ee\/infonurk\/wp-content\/uploads\/2017\/09\/PARIM-VALIK.png","datePublished":"2017-09-21T12:20:03+00:00","dateModified":"2018-11-13T11:46:12+00:00","description":"Siin on l\u00fchiinfo Biolatte toodete (Original, Original-L, Travel, Subtilis, Ladyzym, Boulardii, Hiivax, Havitall) tarbimise ja kasulikkuse kohta.","breadcrumb":{"@id":"https:\/\/mia24.ee\/infonurk\/kusimused-ja-vastused-biolatte-probiootikumide-kohta\/millist-toodet-valida\/#breadcrumb"},"inLanguage":"et","potentialAction":[{"@type":"ReadAction","target":["https:\/\/mia24.ee\/infonurk\/kusimused-ja-vastused-biolatte-probiootikumide-kohta\/millist-toodet-valida\/"]}]},{"@type":"ImageObject","inLanguage":"et","@id":"https:\/\/mia24.ee\/infonurk\/kusimused-ja-vastused-biolatte-probiootikumide-kohta\/millist-toodet-valida\/#primaryimage","url":"https:\/\/mia24.ee\/infonurk\/wp-content\/uploads\/2017\/09\/PARIM-VALIK.png","contentUrl":"https:\/\/mia24.ee\/infonurk\/wp-content\/uploads\/2017\/09\/PARIM-VALIK.png","width":600,"height":200,"caption":"Biolatte"},{"@type":"BreadcrumbList","@id":"https:\/\/mia24.ee\/infonurk\/kusimused-ja-vastused-biolatte-probiootikumide-kohta\/millist-toodet-valida\/#breadcrumb","itemListElement":[{"@type":"ListItem","position":1,"name":"Home","item":"https:\/\/mia24.ee\/infonurk\/"},{"@type":"ListItem","position":2,"name":"K\u00fcsimused ja vastused Biolatte probiootikumide ja ens\u00fc\u00fcmide kohta","item":"https:\/\/mia24.ee\/infonurk\/kusimused-ja-vastused-biolatte-probiootikumide-kohta\/"},{"@type":"ListItem","position":3,"name":"Millist Biolatte toodet valida?"}]},{"@type":"WebSite","@id":"https:\/\/mia24.ee\/infonurk\/#website","url":"https:\/\/mia24.ee\/infonurk\/","name":"Mia24.ee | Tervise- ja ilublogi","description":"Toome Sinuni olulisemad ilu- ja terviseteemad.","publisher":{"@id":"https:\/\/mia24.ee\/infonurk\/#organization"},"potentialAction":[{"@type":"SearchAction","target":{"@type":"EntryPoint","urlTemplate":"https:\/\/mia24.ee\/infonurk\/?s={search_term_string}"},"query-input":{"@type":"PropertyValueSpecification","valueRequired":true,"valueName":"search_term_string"}}],"inLanguage":"et"},{"@type":"Organization","@id":"https:\/\/mia24.ee\/infonurk\/#organization","name":"Mia24.ee","url":"https:\/\/mia24.ee\/infonurk\/","logo":{"@type":"ImageObject","inLanguage":"et","@id":"https:\/\/mia24.ee\/infonurk\/#\/schema\/logo\/image\/","url":"https:\/\/mia24.ee\/infonurk\/wp-content\/uploads\/2015\/01\/LOGO.jpg","contentUrl":"https:\/\/mia24.ee\/infonurk\/wp-content\/uploads\/2015\/01\/LOGO.jpg","width":200,"height":71,"caption":"Mia24.ee"},"image":{"@id":"https:\/\/mia24.ee\/infonurk\/#\/schema\/logo\/image\/"},"sameAs":["https:\/\/www.facebook.com\/mia24.ee"]}]}},"amp_enabled":true,"_links":{"self":[{"href":"https:\/\/mia24.ee\/infonurk\/wp-json\/wp\/v2\/pages\/573","targetHints":{"allow":["GET"]}}],"collection":[{"href":"https:\/\/mia24.ee\/infonurk\/wp-json\/wp\/v2\/pages"}],"about":[{"href":"https:\/\/mia24.ee\/infonurk\/wp-json\/wp\/v2\/types\/page"}],"author":[{"embeddable":true,"href":"https:\/\/mia24.ee\/infonurk\/wp-json\/wp\/v2\/users\/2"}],"replies":[{"embeddable":true,"href":"https:\/\/mia24.ee\/infonurk\/wp-json\/wp\/v2\/comments?post=573"}],"version-history":[{"count":0,"href":"https:\/\/mia24.ee\/infonurk\/wp-json\/wp\/v2\/pages\/573\/revisions"}],"up":[{"embeddable":true,"href":"https:\/\/mia24.ee\/infonurk\/wp-json\/wp\/v2\/pages\/547"}],"wp:attachment":[{"href":"https:\/\/mia24.ee\/infonurk\/wp-json\/wp\/v2\/media?parent=573"}],"curies":[{"name":"wp","href":"https:\/\/api.w.org\/{rel}","templated":true}]}}