{"id":583,"date":"2017-09-22T11:18:25","date_gmt":"2017-09-22T11:18:25","guid":{"rendered":"https:\/\/mia24.ee\/infonurk\/?page_id=583"},"modified":"2017-10-05T07:44:51","modified_gmt":"2017-10-05T07:44:51","slug":"kuidas-ja-millest-tehtud","status":"publish","type":"page","link":"https:\/\/mia24.ee\/infonurk\/kusimused-ja-vastused-biolatte-probiootikumide-kohta\/kuidas-ja-millest-tehtud\/","title":{"rendered":"Kuidas ja millest on tehtud Biolatte tooted?"},"content":{"rendered":"<h1>Kuidas ja millest on tehtud Biolatte tooted?<\/h1>\n<h2 class=\"western\">Kas Biolatte tooted sisaldavad Inuliini?<\/h2>\n<p>Tihti lisatakse toodetesse suhkru k\u00f5rvalsaadusi, nagu probiootilist inuliini v\u00f5i frukto-oligosahhariidi (FOS), mille eesm\u00e4rk on edendada bifidobakterite kasvu sooles. BIOLATTE ei kasuta enda toodetes inuliini, sest see soodustab ka kahjulike bakterite kasvu. Samuti v\u00f5ib inuliini ja frukto-oligosahhariidide lagunemisel eralduda soolestikku metaani ja s\u00fcsinikdioksiidi, mis v\u00f5ivad k\u00f5rvaltoimetena p\u00f5hjustada k\u00f5huvalu ja iiveldust.<\/p>\n<h2 class=\"western\">Kuidas Biolatte tooteid hoida?<\/h2>\n<p>K\u00f5iki Biolatte tooteid (nii avamata kui ka avatud) tuleb hoida kuivas ja UV-kiirguse eest kaitstuna. Tooteid ei ole soovitatav hoida k\u00fclmkapis, kuna nii tekib tootesse niiskus, mis v\u00f5ib l\u00fchendada toote s\u00e4ilivusaega.<\/p>\n<h2 class=\"western\">Kas Biolatte tooted sisaldavad allergeene?<\/h2>\n<p>K\u00f5ik kasutatavad koostisained on l\u00e4binud allergeensete koostisosade laboratoorsed testid ning k\u00f5ik tulemused on olnud negatiivsed. Biolatte tooted ei sisalda piimat\u00f6\u00f6stuse j\u00e4\u00e4ke (laktoos, piim), t\u00e4rklist, sojat, p\u00e4hkleid, maisi, teravilja, suhkrut, muna, karpe ega ka kala.<\/p>\n<h2 class=\"western\">Kas Biolatte toodetes olev maltodekstriin v\u00f5ib p\u00f5hjustada allergiat?<\/h2>\n<p>Maltodekstriini sisse segatakse sageli t\u00e4rklist ja seet\u00f5ttu kardetakse, et see v\u00f5ib p\u00f5hjustada allergiat. Hirmul pole alust, sest maltodekstriin on vaid \u00fcks paljudest t\u00e4rklise ehitusmaterjalidest. T\u00e4rklis koosneb samuti teistest koostisosadest, nagu valgumolekulid (n\u00e4iteks gluteen), mis p\u00f5hjustavad sageli allergiat. Biolatte toodetes on kasutatud ainult puhast maltodekstriini, v\u00e4ltimaks allergiat.<\/p>\n<h2 class=\"western\">Mis on cfu?<\/h2>\n<p>Cfu n\u00e4itab bakterite v\u00f5i p\u00e4rmiliste kolooniate moodustumis\u00fcksust. N\u00e4iteks BIOLATTE Originali p\u00e4evane annus (3 kapslit) sisaldab 7,5 \u00d7 10E9 ehk 7,5 miljardit piimhappebakterit. Tootja v\u00f5ib viidata kontsentratsioonile kas \u00fches grammis v\u00f5i p\u00e4evases annuses. Pelgalt kaalu (g v\u00f5i mg) n\u00e4itamine ei \u00fctle teile bakterite arvu v\u00f5i selle kontsentratsiooni.<\/p>\n<h2 class=\"western\">Kuidas Biolatte tagab oma toodete kvaliteeti?<\/h2>\n<p>Biolatte teeb koost\u00f6\u00f6d ainult tuntud mikroorganismi pankadega ja k\u00f5ik t\u00fcved, mida kasutatakse, on p\u00f5hjalikult uuritud, testitud ja registreeritud. Tootmisprotsessid vastavad GMP (Good Manufacturing Practices) ja ISO 22000 standarditele. Tehekase pidevalt laborikatseid kogu oma tootmisprotsessile, et tagada puhtust, kvaliteeti ja toote efektiivsust.<\/p>\n<h2 class=\"western\">Miks Biolatte tooted ei sisalda prebiootikume?<\/h2>\n<p>Prebiootikumid on seedimatud ja imendumatud kiudaineid, mis lisatakse tavaliselt probiootikumide kasvu soodustamiseks. Kuna inimese soolestik sisaldab tavaliselt juba toidust saadud kiudaineid, siis nende lisamine ei ole vajalik. Enda toodetes soovitakse s\u00e4ilitada ainult p\u00f5hilisi koostisosi. Biolatte jaoks on oluline valmistada tooteid, mis sisaldavad juba piisavalt suurt hulka mikroobe.<\/p>\n<h2 class=\"western\">Miks Biolatte kasutab \u017eelatiinkapsleid, mitte aga taimset p\u00e4ritolu (HPMC) kapsleid?<\/h2>\n<p>Taimsete kapslite valmistamisel kasutatakse liiga palju kemikaale, nagu met\u00fc\u00fclkloriid (gaas), prop\u00fcleenoksiidi (vedelk\u00fctus) ja petrooleum (toornafta). Biolatte toodetes on kasutatud veistelt p\u00e4rit \u017eelatiini, mis on saanud kosher ja halal heakskiidu. K\u00f5iki Biolatte\u00a0kapsleid on v\u00f5imalik avada, et saaks neid tarvitada ilma \u017eelatiinist kapslita.<\/p>\n<p>Info p\u00e4rineb maaletooja <a href=\"https:\/\/xn--hrm-qla.ee\/tooted\/biolatte\/piimhappebakterid\">kodulehelt<\/a>.<\/p>\n<h3>Loe siit, millist <a href=\"https:\/\/mia24.ee\/infonurk\/kusimused-ja-vastused-biolatte-probiootikumide-kohta\/millist-toodet-valida\/\">Biolatte toodet just Sinul vaja<\/a> on ja <a href=\"https:\/\/mia24.ee\/infonurk\/kusimused-ja-vastused-biolatte-probiootikumide-kohta\/toodete-manustamine\/\">kuidas Biolatte tooteid manustada.<\/a><\/h3>\n<p>&nbsp;<\/p>\n","protected":false},"excerpt":{"rendered":"<p>Kuidas ja millest on tehtud Biolatte tooted? Kas Biolatte tooted sisaldavad Inuliini? Tihti lisatakse toodetesse suhkru k\u00f5rvalsaadusi, nagu probiootilist inuliini v\u00f5i frukto-oligosahhariidi (FOS), mille eesm\u00e4rk on edendada bifidobakterite kasvu sooles. BIOLATTE ei kasuta enda toodetes inuliini, sest see soodustab ka kahjulike bakterite kasvu. Samuti v\u00f5ib inuliini ja frukto-oligosahhariidide lagunemisel eralduda soolestikku metaani ja s\u00fcsinikdioksiidi, mis v\u00f5ivad k\u00f5rvaltoimetena p\u00f5hjustada k\u00f5huvalu ja &#8230;<\/p>\n","protected":false},"author":2,"featured_media":0,"parent":547,"menu_order":0,"comment_status":"closed","ping_status":"closed","template":"","meta":{"_monsterinsights_skip_tracking":false,"_monsterinsights_sitenote_active":false,"_monsterinsights_sitenote_note":"","_monsterinsights_sitenote_category":0,"footnotes":""},"class_list":["post-583","page","type-page","status-publish","hentry","no-post-thumbnail"],"yoast_head":"<!-- This site is optimized with the Yoast SEO plugin v27.4 - https:\/\/yoast.com\/product\/yoast-seo-wordpress\/ -->\n<title>Kuidas ja millest on tehtud Biolatte tooted? - Mia24.ee | Tervise- ja ilublogi<\/title>\n<meta name=\"description\" content=\"Kas Biolatte tooted sisaldavad Inuliini v\u00f5i allergeene, kas toodetes olev maltodekstriin v\u00f5ib p\u00f5hjustada allergiat? Kuidas Biolatte tooteid hoida ja kuidas Biolatte tagab oma toodete kvaliteeti?\" \/>\n<meta name=\"robots\" content=\"index, follow, max-snippet:-1, max-image-preview:large, max-video-preview:-1\" \/>\n<link rel=\"canonical\" href=\"https:\/\/mia24.ee\/infonurk\/kusimused-ja-vastused-biolatte-probiootikumide-kohta\/kuidas-ja-millest-tehtud\/\" \/>\n<meta property=\"og:locale\" content=\"et_EE\" \/>\n<meta property=\"og:type\" content=\"article\" \/>\n<meta property=\"og:title\" content=\"Kuidas ja millest on tehtud Biolatte tooted? - Mia24.ee | Tervise- ja ilublogi\" \/>\n<meta property=\"og:description\" content=\"Kas Biolatte tooted sisaldavad Inuliini v\u00f5i allergeene, kas toodetes olev maltodekstriin v\u00f5ib p\u00f5hjustada allergiat? Kuidas Biolatte tooteid hoida ja kuidas Biolatte tagab oma toodete kvaliteeti?\" \/>\n<meta property=\"og:url\" content=\"https:\/\/mia24.ee\/infonurk\/kusimused-ja-vastused-biolatte-probiootikumide-kohta\/kuidas-ja-millest-tehtud\/\" \/>\n<meta property=\"og:site_name\" content=\"Mia24.ee | Tervise- ja ilublogi\" \/>\n<meta property=\"article:publisher\" content=\"https:\/\/www.facebook.com\/mia24.ee\" \/>\n<meta property=\"article:modified_time\" content=\"2017-10-05T07:44:51+00:00\" \/>\n<meta name=\"twitter:card\" content=\"summary_large_image\" \/>\n<meta name=\"twitter:label1\" content=\"Est. reading time\" \/>\n\t<meta name=\"twitter:data1\" content=\"2 minutit\" \/>\n<script type=\"application\/ld+json\" class=\"yoast-schema-graph\">{\"@context\":\"https:\\\/\\\/schema.org\",\"@graph\":[{\"@type\":\"WebPage\",\"@id\":\"https:\\\/\\\/mia24.ee\\\/infonurk\\\/kusimused-ja-vastused-biolatte-probiootikumide-kohta\\\/kuidas-ja-millest-tehtud\\\/\",\"url\":\"https:\\\/\\\/mia24.ee\\\/infonurk\\\/kusimused-ja-vastused-biolatte-probiootikumide-kohta\\\/kuidas-ja-millest-tehtud\\\/\",\"name\":\"Kuidas ja millest on tehtud Biolatte tooted? - Mia24.ee | Tervise- ja ilublogi\",\"isPartOf\":{\"@id\":\"https:\\\/\\\/mia24.ee\\\/infonurk\\\/#website\"},\"datePublished\":\"2017-09-22T11:18:25+00:00\",\"dateModified\":\"2017-10-05T07:44:51+00:00\",\"description\":\"Kas Biolatte tooted sisaldavad Inuliini v\u00f5i allergeene, kas toodetes olev maltodekstriin v\u00f5ib p\u00f5hjustada allergiat? Kuidas Biolatte tooteid hoida ja kuidas Biolatte tagab oma toodete kvaliteeti?\",\"breadcrumb\":{\"@id\":\"https:\\\/\\\/mia24.ee\\\/infonurk\\\/kusimused-ja-vastused-biolatte-probiootikumide-kohta\\\/kuidas-ja-millest-tehtud\\\/#breadcrumb\"},\"inLanguage\":\"et\",\"potentialAction\":[{\"@type\":\"ReadAction\",\"target\":[\"https:\\\/\\\/mia24.ee\\\/infonurk\\\/kusimused-ja-vastused-biolatte-probiootikumide-kohta\\\/kuidas-ja-millest-tehtud\\\/\"]}]},{\"@type\":\"BreadcrumbList\",\"@id\":\"https:\\\/\\\/mia24.ee\\\/infonurk\\\/kusimused-ja-vastused-biolatte-probiootikumide-kohta\\\/kuidas-ja-millest-tehtud\\\/#breadcrumb\",\"itemListElement\":[{\"@type\":\"ListItem\",\"position\":1,\"name\":\"Home\",\"item\":\"https:\\\/\\\/mia24.ee\\\/infonurk\\\/\"},{\"@type\":\"ListItem\",\"position\":2,\"name\":\"K\u00fcsimused ja vastused Biolatte probiootikumide ja ens\u00fc\u00fcmide kohta\",\"item\":\"https:\\\/\\\/mia24.ee\\\/infonurk\\\/kusimused-ja-vastused-biolatte-probiootikumide-kohta\\\/\"},{\"@type\":\"ListItem\",\"position\":3,\"name\":\"Kuidas ja millest on tehtud Biolatte tooted?\"}]},{\"@type\":\"WebSite\",\"@id\":\"https:\\\/\\\/mia24.ee\\\/infonurk\\\/#website\",\"url\":\"https:\\\/\\\/mia24.ee\\\/infonurk\\\/\",\"name\":\"Mia24.ee | Tervise- ja ilublogi\",\"description\":\"Toome Sinuni olulisemad ilu- ja terviseteemad.\",\"publisher\":{\"@id\":\"https:\\\/\\\/mia24.ee\\\/infonurk\\\/#organization\"},\"potentialAction\":[{\"@type\":\"SearchAction\",\"target\":{\"@type\":\"EntryPoint\",\"urlTemplate\":\"https:\\\/\\\/mia24.ee\\\/infonurk\\\/?s={search_term_string}\"},\"query-input\":{\"@type\":\"PropertyValueSpecification\",\"valueRequired\":true,\"valueName\":\"search_term_string\"}}],\"inLanguage\":\"et\"},{\"@type\":\"Organization\",\"@id\":\"https:\\\/\\\/mia24.ee\\\/infonurk\\\/#organization\",\"name\":\"Mia24.ee\",\"url\":\"https:\\\/\\\/mia24.ee\\\/infonurk\\\/\",\"logo\":{\"@type\":\"ImageObject\",\"inLanguage\":\"et\",\"@id\":\"https:\\\/\\\/mia24.ee\\\/infonurk\\\/#\\\/schema\\\/logo\\\/image\\\/\",\"url\":\"https:\\\/\\\/mia24.ee\\\/infonurk\\\/wp-content\\\/uploads\\\/2015\\\/01\\\/LOGO.jpg\",\"contentUrl\":\"https:\\\/\\\/mia24.ee\\\/infonurk\\\/wp-content\\\/uploads\\\/2015\\\/01\\\/LOGO.jpg\",\"width\":200,\"height\":71,\"caption\":\"Mia24.ee\"},\"image\":{\"@id\":\"https:\\\/\\\/mia24.ee\\\/infonurk\\\/#\\\/schema\\\/logo\\\/image\\\/\"},\"sameAs\":[\"https:\\\/\\\/www.facebook.com\\\/mia24.ee\"]}]}<\/script>\n<!-- \/ Yoast SEO plugin. -->","yoast_head_json":{"title":"Kuidas ja millest on tehtud Biolatte tooted? - Mia24.ee | Tervise- ja ilublogi","description":"Kas Biolatte tooted sisaldavad Inuliini v\u00f5i allergeene, kas toodetes olev maltodekstriin v\u00f5ib p\u00f5hjustada allergiat? Kuidas Biolatte tooteid hoida ja kuidas Biolatte tagab oma toodete kvaliteeti?","robots":{"index":"index","follow":"follow","max-snippet":"max-snippet:-1","max-image-preview":"max-image-preview:large","max-video-preview":"max-video-preview:-1"},"canonical":"https:\/\/mia24.ee\/infonurk\/kusimused-ja-vastused-biolatte-probiootikumide-kohta\/kuidas-ja-millest-tehtud\/","og_locale":"et_EE","og_type":"article","og_title":"Kuidas ja millest on tehtud Biolatte tooted? - Mia24.ee | Tervise- ja ilublogi","og_description":"Kas Biolatte tooted sisaldavad Inuliini v\u00f5i allergeene, kas toodetes olev maltodekstriin v\u00f5ib p\u00f5hjustada allergiat? Kuidas Biolatte tooteid hoida ja kuidas Biolatte tagab oma toodete kvaliteeti?","og_url":"https:\/\/mia24.ee\/infonurk\/kusimused-ja-vastused-biolatte-probiootikumide-kohta\/kuidas-ja-millest-tehtud\/","og_site_name":"Mia24.ee | Tervise- ja ilublogi","article_publisher":"https:\/\/www.facebook.com\/mia24.ee","article_modified_time":"2017-10-05T07:44:51+00:00","twitter_card":"summary_large_image","twitter_misc":{"Est. reading time":"2 minutit"},"schema":{"@context":"https:\/\/schema.org","@graph":[{"@type":"WebPage","@id":"https:\/\/mia24.ee\/infonurk\/kusimused-ja-vastused-biolatte-probiootikumide-kohta\/kuidas-ja-millest-tehtud\/","url":"https:\/\/mia24.ee\/infonurk\/kusimused-ja-vastused-biolatte-probiootikumide-kohta\/kuidas-ja-millest-tehtud\/","name":"Kuidas ja millest on tehtud Biolatte tooted? - Mia24.ee | Tervise- ja ilublogi","isPartOf":{"@id":"https:\/\/mia24.ee\/infonurk\/#website"},"datePublished":"2017-09-22T11:18:25+00:00","dateModified":"2017-10-05T07:44:51+00:00","description":"Kas Biolatte tooted sisaldavad Inuliini v\u00f5i allergeene, kas toodetes olev maltodekstriin v\u00f5ib p\u00f5hjustada allergiat? Kuidas Biolatte tooteid hoida ja kuidas Biolatte tagab oma toodete kvaliteeti?","breadcrumb":{"@id":"https:\/\/mia24.ee\/infonurk\/kusimused-ja-vastused-biolatte-probiootikumide-kohta\/kuidas-ja-millest-tehtud\/#breadcrumb"},"inLanguage":"et","potentialAction":[{"@type":"ReadAction","target":["https:\/\/mia24.ee\/infonurk\/kusimused-ja-vastused-biolatte-probiootikumide-kohta\/kuidas-ja-millest-tehtud\/"]}]},{"@type":"BreadcrumbList","@id":"https:\/\/mia24.ee\/infonurk\/kusimused-ja-vastused-biolatte-probiootikumide-kohta\/kuidas-ja-millest-tehtud\/#breadcrumb","itemListElement":[{"@type":"ListItem","position":1,"name":"Home","item":"https:\/\/mia24.ee\/infonurk\/"},{"@type":"ListItem","position":2,"name":"K\u00fcsimused ja vastused Biolatte probiootikumide ja ens\u00fc\u00fcmide kohta","item":"https:\/\/mia24.ee\/infonurk\/kusimused-ja-vastused-biolatte-probiootikumide-kohta\/"},{"@type":"ListItem","position":3,"name":"Kuidas ja millest on tehtud Biolatte tooted?"}]},{"@type":"WebSite","@id":"https:\/\/mia24.ee\/infonurk\/#website","url":"https:\/\/mia24.ee\/infonurk\/","name":"Mia24.ee | Tervise- ja ilublogi","description":"Toome Sinuni olulisemad ilu- ja terviseteemad.","publisher":{"@id":"https:\/\/mia24.ee\/infonurk\/#organization"},"potentialAction":[{"@type":"SearchAction","target":{"@type":"EntryPoint","urlTemplate":"https:\/\/mia24.ee\/infonurk\/?s={search_term_string}"},"query-input":{"@type":"PropertyValueSpecification","valueRequired":true,"valueName":"search_term_string"}}],"inLanguage":"et"},{"@type":"Organization","@id":"https:\/\/mia24.ee\/infonurk\/#organization","name":"Mia24.ee","url":"https:\/\/mia24.ee\/infonurk\/","logo":{"@type":"ImageObject","inLanguage":"et","@id":"https:\/\/mia24.ee\/infonurk\/#\/schema\/logo\/image\/","url":"https:\/\/mia24.ee\/infonurk\/wp-content\/uploads\/2015\/01\/LOGO.jpg","contentUrl":"https:\/\/mia24.ee\/infonurk\/wp-content\/uploads\/2015\/01\/LOGO.jpg","width":200,"height":71,"caption":"Mia24.ee"},"image":{"@id":"https:\/\/mia24.ee\/infonurk\/#\/schema\/logo\/image\/"},"sameAs":["https:\/\/www.facebook.com\/mia24.ee"]}]}},"amp_enabled":true,"_links":{"self":[{"href":"https:\/\/mia24.ee\/infonurk\/wp-json\/wp\/v2\/pages\/583","targetHints":{"allow":["GET"]}}],"collection":[{"href":"https:\/\/mia24.ee\/infonurk\/wp-json\/wp\/v2\/pages"}],"about":[{"href":"https:\/\/mia24.ee\/infonurk\/wp-json\/wp\/v2\/types\/page"}],"author":[{"embeddable":true,"href":"https:\/\/mia24.ee\/infonurk\/wp-json\/wp\/v2\/users\/2"}],"replies":[{"embeddable":true,"href":"https:\/\/mia24.ee\/infonurk\/wp-json\/wp\/v2\/comments?post=583"}],"version-history":[{"count":0,"href":"https:\/\/mia24.ee\/infonurk\/wp-json\/wp\/v2\/pages\/583\/revisions"}],"up":[{"embeddable":true,"href":"https:\/\/mia24.ee\/infonurk\/wp-json\/wp\/v2\/pages\/547"}],"wp:attachment":[{"href":"https:\/\/mia24.ee\/infonurk\/wp-json\/wp\/v2\/media?parent=583"}],"curies":[{"name":"wp","href":"https:\/\/api.w.org\/{rel}","templated":true}]}}