{"id":679,"date":"2017-11-24T21:01:57","date_gmt":"2017-11-24T21:01:57","guid":{"rendered":"https:\/\/mia24.ee\/infonurk\/?page_id=679"},"modified":"2019-02-07T19:02:45","modified_gmt":"2019-02-07T16:02:45","slug":"koostisosad","status":"publish","type":"page","link":"https:\/\/mia24.ee\/infonurk\/koostisosad\/","title":{"rendered":"Koostisosad"},"content":{"rendered":"<h1>Koostisosad kosmeetikatoodetes<\/h1>\n<p>Olles ausaim e-pood Eestis, r\u00e4\u00e4gime Teile v\u00e4ga selgelt ja ausalt \u00e4ra, miks mingit koostisosa kasutatakse ja mida ta teeb. Kas on kasulik v\u00f5i ohtlik. T\u00e4iendame koostisosade nimekirja pidevalt.<\/p>\n<h2>\u00d5lid<\/h2>\n<p><a href=\"https:\/\/mia24.ee\/infonurk\/koostisosad\/avokaadooli-kosmeetikas\/\">Avokaado\u00f5li<\/a><\/p>\n<h1>Toidulisandite koostisosad<\/h1>\n<p>Probiootikumid<\/p>\n<p>&nbsp;<\/p>\n","protected":false},"excerpt":{"rendered":"<p>Koostisosad kosmeetikatoodetes Olles ausaim e-pood Eestis, r\u00e4\u00e4gime Teile v\u00e4ga selgelt ja ausalt \u00e4ra, miks mingit koostisosa kasutatakse ja mida ta teeb. Kas on kasulik v\u00f5i ohtlik. T\u00e4iendame koostisosade nimekirja pidevalt. \u00d5lid Avokaado\u00f5li Toidulisandite koostisosad Probiootikumid &nbsp;<\/p>\n","protected":false},"author":2,"featured_media":0,"parent":0,"menu_order":0,"comment_status":"closed","ping_status":"closed","template":"","meta":{"_monsterinsights_skip_tracking":false,"_monsterinsights_sitenote_active":false,"_monsterinsights_sitenote_note":"","_monsterinsights_sitenote_category":0,"footnotes":""},"class_list":["post-679","page","type-page","status-publish","hentry","no-post-thumbnail"],"yoast_head":"<!-- This site is optimized with the Yoast SEO plugin v27.4 - https:\/\/yoast.com\/product\/yoast-seo-wordpress\/ -->\n<title>Koostisosad - Mia24.ee | Tervise- ja ilublogi<\/title>\n<meta name=\"robots\" content=\"index, follow, max-snippet:-1, max-image-preview:large, max-video-preview:-1\" \/>\n<link rel=\"canonical\" href=\"https:\/\/mia24.ee\/infonurk\/koostisosad\/\" \/>\n<meta property=\"og:locale\" content=\"et_EE\" \/>\n<meta property=\"og:type\" content=\"article\" \/>\n<meta property=\"og:title\" content=\"Koostisosad - Mia24.ee | Tervise- ja ilublogi\" \/>\n<meta property=\"og:description\" content=\"Koostisosad kosmeetikatoodetes Olles ausaim e-pood Eestis, r\u00e4\u00e4gime Teile v\u00e4ga selgelt ja ausalt \u00e4ra, miks mingit koostisosa kasutatakse ja mida ta teeb. Kas on kasulik v\u00f5i ohtlik. T\u00e4iendame koostisosade nimekirja pidevalt. \u00d5lid Avokaado\u00f5li Toidulisandite koostisosad Probiootikumid &nbsp;\" \/>\n<meta property=\"og:url\" content=\"https:\/\/mia24.ee\/infonurk\/koostisosad\/\" \/>\n<meta property=\"og:site_name\" content=\"Mia24.ee | Tervise- ja ilublogi\" \/>\n<meta property=\"article:publisher\" content=\"https:\/\/www.facebook.com\/mia24.ee\" \/>\n<meta property=\"article:modified_time\" content=\"2019-02-07T16:02:45+00:00\" \/>\n<meta name=\"twitter:card\" content=\"summary_large_image\" \/>\n<script type=\"application\/ld+json\" class=\"yoast-schema-graph\">{\"@context\":\"https:\\\/\\\/schema.org\",\"@graph\":[{\"@type\":\"WebPage\",\"@id\":\"https:\\\/\\\/mia24.ee\\\/infonurk\\\/koostisosad\\\/\",\"url\":\"https:\\\/\\\/mia24.ee\\\/infonurk\\\/koostisosad\\\/\",\"name\":\"Koostisosad - Mia24.ee | Tervise- ja ilublogi\",\"isPartOf\":{\"@id\":\"https:\\\/\\\/mia24.ee\\\/infonurk\\\/#website\"},\"datePublished\":\"2017-11-24T21:01:57+00:00\",\"dateModified\":\"2019-02-07T16:02:45+00:00\",\"breadcrumb\":{\"@id\":\"https:\\\/\\\/mia24.ee\\\/infonurk\\\/koostisosad\\\/#breadcrumb\"},\"inLanguage\":\"et\",\"potentialAction\":[{\"@type\":\"ReadAction\",\"target\":[\"https:\\\/\\\/mia24.ee\\\/infonurk\\\/koostisosad\\\/\"]}]},{\"@type\":\"BreadcrumbList\",\"@id\":\"https:\\\/\\\/mia24.ee\\\/infonurk\\\/koostisosad\\\/#breadcrumb\",\"itemListElement\":[{\"@type\":\"ListItem\",\"position\":1,\"name\":\"Home\",\"item\":\"https:\\\/\\\/mia24.ee\\\/infonurk\\\/\"},{\"@type\":\"ListItem\",\"position\":2,\"name\":\"Koostisosad\"}]},{\"@type\":\"WebSite\",\"@id\":\"https:\\\/\\\/mia24.ee\\\/infonurk\\\/#website\",\"url\":\"https:\\\/\\\/mia24.ee\\\/infonurk\\\/\",\"name\":\"Mia24.ee | Tervise- ja ilublogi\",\"description\":\"Toome Sinuni olulisemad ilu- ja terviseteemad.\",\"publisher\":{\"@id\":\"https:\\\/\\\/mia24.ee\\\/infonurk\\\/#organization\"},\"potentialAction\":[{\"@type\":\"SearchAction\",\"target\":{\"@type\":\"EntryPoint\",\"urlTemplate\":\"https:\\\/\\\/mia24.ee\\\/infonurk\\\/?s={search_term_string}\"},\"query-input\":{\"@type\":\"PropertyValueSpecification\",\"valueRequired\":true,\"valueName\":\"search_term_string\"}}],\"inLanguage\":\"et\"},{\"@type\":\"Organization\",\"@id\":\"https:\\\/\\\/mia24.ee\\\/infonurk\\\/#organization\",\"name\":\"Mia24.ee\",\"url\":\"https:\\\/\\\/mia24.ee\\\/infonurk\\\/\",\"logo\":{\"@type\":\"ImageObject\",\"inLanguage\":\"et\",\"@id\":\"https:\\\/\\\/mia24.ee\\\/infonurk\\\/#\\\/schema\\\/logo\\\/image\\\/\",\"url\":\"https:\\\/\\\/mia24.ee\\\/infonurk\\\/wp-content\\\/uploads\\\/2015\\\/01\\\/LOGO.jpg\",\"contentUrl\":\"https:\\\/\\\/mia24.ee\\\/infonurk\\\/wp-content\\\/uploads\\\/2015\\\/01\\\/LOGO.jpg\",\"width\":200,\"height\":71,\"caption\":\"Mia24.ee\"},\"image\":{\"@id\":\"https:\\\/\\\/mia24.ee\\\/infonurk\\\/#\\\/schema\\\/logo\\\/image\\\/\"},\"sameAs\":[\"https:\\\/\\\/www.facebook.com\\\/mia24.ee\"]}]}<\/script>\n<!-- \/ Yoast SEO plugin. -->","yoast_head_json":{"title":"Koostisosad - Mia24.ee | Tervise- ja ilublogi","robots":{"index":"index","follow":"follow","max-snippet":"max-snippet:-1","max-image-preview":"max-image-preview:large","max-video-preview":"max-video-preview:-1"},"canonical":"https:\/\/mia24.ee\/infonurk\/koostisosad\/","og_locale":"et_EE","og_type":"article","og_title":"Koostisosad - Mia24.ee | Tervise- ja ilublogi","og_description":"Koostisosad kosmeetikatoodetes Olles ausaim e-pood Eestis, r\u00e4\u00e4gime Teile v\u00e4ga selgelt ja ausalt \u00e4ra, miks mingit koostisosa kasutatakse ja mida ta teeb. Kas on kasulik v\u00f5i ohtlik. T\u00e4iendame koostisosade nimekirja pidevalt. \u00d5lid Avokaado\u00f5li Toidulisandite koostisosad Probiootikumid &nbsp;","og_url":"https:\/\/mia24.ee\/infonurk\/koostisosad\/","og_site_name":"Mia24.ee | Tervise- ja ilublogi","article_publisher":"https:\/\/www.facebook.com\/mia24.ee","article_modified_time":"2019-02-07T16:02:45+00:00","twitter_card":"summary_large_image","schema":{"@context":"https:\/\/schema.org","@graph":[{"@type":"WebPage","@id":"https:\/\/mia24.ee\/infonurk\/koostisosad\/","url":"https:\/\/mia24.ee\/infonurk\/koostisosad\/","name":"Koostisosad - Mia24.ee | Tervise- ja ilublogi","isPartOf":{"@id":"https:\/\/mia24.ee\/infonurk\/#website"},"datePublished":"2017-11-24T21:01:57+00:00","dateModified":"2019-02-07T16:02:45+00:00","breadcrumb":{"@id":"https:\/\/mia24.ee\/infonurk\/koostisosad\/#breadcrumb"},"inLanguage":"et","potentialAction":[{"@type":"ReadAction","target":["https:\/\/mia24.ee\/infonurk\/koostisosad\/"]}]},{"@type":"BreadcrumbList","@id":"https:\/\/mia24.ee\/infonurk\/koostisosad\/#breadcrumb","itemListElement":[{"@type":"ListItem","position":1,"name":"Home","item":"https:\/\/mia24.ee\/infonurk\/"},{"@type":"ListItem","position":2,"name":"Koostisosad"}]},{"@type":"WebSite","@id":"https:\/\/mia24.ee\/infonurk\/#website","url":"https:\/\/mia24.ee\/infonurk\/","name":"Mia24.ee | Tervise- ja ilublogi","description":"Toome Sinuni olulisemad ilu- ja terviseteemad.","publisher":{"@id":"https:\/\/mia24.ee\/infonurk\/#organization"},"potentialAction":[{"@type":"SearchAction","target":{"@type":"EntryPoint","urlTemplate":"https:\/\/mia24.ee\/infonurk\/?s={search_term_string}"},"query-input":{"@type":"PropertyValueSpecification","valueRequired":true,"valueName":"search_term_string"}}],"inLanguage":"et"},{"@type":"Organization","@id":"https:\/\/mia24.ee\/infonurk\/#organization","name":"Mia24.ee","url":"https:\/\/mia24.ee\/infonurk\/","logo":{"@type":"ImageObject","inLanguage":"et","@id":"https:\/\/mia24.ee\/infonurk\/#\/schema\/logo\/image\/","url":"https:\/\/mia24.ee\/infonurk\/wp-content\/uploads\/2015\/01\/LOGO.jpg","contentUrl":"https:\/\/mia24.ee\/infonurk\/wp-content\/uploads\/2015\/01\/LOGO.jpg","width":200,"height":71,"caption":"Mia24.ee"},"image":{"@id":"https:\/\/mia24.ee\/infonurk\/#\/schema\/logo\/image\/"},"sameAs":["https:\/\/www.facebook.com\/mia24.ee"]}]}},"amp_enabled":true,"_links":{"self":[{"href":"https:\/\/mia24.ee\/infonurk\/wp-json\/wp\/v2\/pages\/679","targetHints":{"allow":["GET"]}}],"collection":[{"href":"https:\/\/mia24.ee\/infonurk\/wp-json\/wp\/v2\/pages"}],"about":[{"href":"https:\/\/mia24.ee\/infonurk\/wp-json\/wp\/v2\/types\/page"}],"author":[{"embeddable":true,"href":"https:\/\/mia24.ee\/infonurk\/wp-json\/wp\/v2\/users\/2"}],"replies":[{"embeddable":true,"href":"https:\/\/mia24.ee\/infonurk\/wp-json\/wp\/v2\/comments?post=679"}],"version-history":[{"count":0,"href":"https:\/\/mia24.ee\/infonurk\/wp-json\/wp\/v2\/pages\/679\/revisions"}],"wp:attachment":[{"href":"https:\/\/mia24.ee\/infonurk\/wp-json\/wp\/v2\/media?parent=679"}],"curies":[{"name":"wp","href":"https:\/\/api.w.org\/{rel}","templated":true}]}}