{"id":681,"date":"2017-11-24T22:22:26","date_gmt":"2017-11-24T22:22:26","guid":{"rendered":"https:\/\/mia24.ee\/infonurk\/?page_id=681"},"modified":"2017-11-24T23:07:12","modified_gmt":"2017-11-24T23:07:12","slug":"avokaadooli-kosmeetikas","status":"publish","type":"page","link":"https:\/\/mia24.ee\/infonurk\/koostisosad\/avokaadooli-kosmeetikas\/","title":{"rendered":"Avokaado\u00f5li kosmeetikas"},"content":{"rendered":"<h1>Avokaado\u00f5li kosmeetikas<\/h1>\n<p>Avokaado\u00f5li on s\u00fcgavniisutava toimega ja ta t\u00e4nu oma paksemale konsistentsile imendub v\u00e4ga s\u00fcgavale naha sisse. Niisutus on intensiivne ja p\u00fcsib kaua. Toitainetest sisaldab rikkalikult A, D ja E vitamiine. Kui teda lisada keha\u00f5lidele, -v\u00f5idele v\u00f5i kreemidele v\u00f5imendab ta kreemi niisutavat, pehmendavat m\u00f5ju ja lisaks aitab naharakke taastada ja t\u00e4iustada. Kosmeetikatoodetes on tema oht minimaalne ehk peaaegu olematu.<\/p>\n<p><span class=\"Apple-converted-space\">N\u00e4ohooldustoodetele annab samuti suurep\u00e4rase lisa &#8211; silub kortse ja joonekesi, toniseerib ning taaselustab ja t\u00e4iustab jumet. Kreemidele ja seerumitele annab paksema ja rikkalikuma konsistentsi ning tagab kihi, mis hoiab niiskuse nahas aga laseb nahal samal ajal hingata, mis teeb temast eriti v\u00e4\u00e4rtusliku koostisosa talvistele nahahooldustoodetele.\u00a0<br class=\"clear\" \/><\/span><\/p>\n<p>Avokaado\u00f5li kasulikkusest ei j\u00e4\u00e4 ilma ka juuksed &#8211; see parandab nii olemasolevate juuste struktuuri ja v\u00e4ljan\u00e4gemist kui ka kiirendab uute ja tervemate juuste kasvu.<\/p>\n<p>Lisaks saab kasutada ekstrakti ka raviva \u00f5lina l\u00f5henenud kandade, s\u00fcgeleva naha, p\u00e4ikesep\u00f5letuse, psoriaasi ja dermatiidi ning ka putukahammustuste leevendamiseks. Peale haava korralikku desinfitseerimist aitab avokaado\u00f5liga m\u00e4\u00e4rimine kiiremini paraneda ja v\u00e4hendab seega armide teket.<\/p>\n<h2>Mida avokaado\u00f5li sisaldab?<\/h2>\n<p>Sisalduse poolest on ta rikkalik oleiinhappe allikas, mis on tuntud oma paljude positiivsete omaduste poolest. Oleiinhape v\u00e4hendab m\u00f5ningate v\u00e4hit\u00fc\u00fcpide riski, aitab parandada haavu ja\u00a0 v\u00e4hendab p\u00f5letikke nii seest kui v\u00e4ljast ning k\u00f5rvaldab mikroobseid nakkuseid. Oleiinhape aitab ka \u00f5lil kauem s\u00e4ilida, sest on v\u00e4ga vastupidav oks\u00fcdeerumisele.<\/p>\n<p>Avokaado\u00f5li kuulub top5 hulka rohkeima E-vitamiini sisaldusega toiduainete seas. See vitamiin parandab naha ja silmade tervist, kaitseb vabade radikaalide eest.<\/p>\n<p>Avokaado\u00f5li pakatab klorof\u00fcllist, mis on naturaalse magneesiumi allikas. Sarnaselt e-vitamiinile aitab ka klorof\u00fcll v\u00f5idelda vabade radikaalidega, vabastab toksiinidest, stimuleerib punaliblede tootmist ja parandab vereringet. Nagu ka oleiinhape, aitab ka klorof\u00fcll parandada haavu. Lisaks aitab see puhastada halba hinge\u00f5hku.<\/p>\n<p>Ka kaalium ja leititsiin on avokaado\u00f5lis olemas ja need imenduvad ka kerge vaevaga l\u00e4bi naha, mist\u00f5ttu toidavad v\u00e4\u00e4rtuslikult sinu nahka ka s\u00fcgavuti.<\/p>\n<h3>Meie poest leiad avokaado\u00f5liga:<\/h3>\n<p><a href=\"https:\/\/mia24.ee\/otsi?tag=kehahooldustooted+avokaadooliga\">Kehahooldustooted<\/a><\/p>\n<p><a href=\"https:\/\/mia24.ee\/otsi?tag=N%C3%A4ohooldustooted+avokaado%C3%B5liga\">N\u00e4ohooldustooted<\/a><\/p>\n<p><a href=\"https:\/\/mia24.ee\/otsi?tag=Juuksehooldus+avokaado%C3%B5liga\">Juuksehooldustooted<\/a><\/p>\n<p>Ja 100% avokaado\u00f5li:<\/p>\n<p><a href=\"https:\/\/mia24.ee\/green-nature-avokaadooli-50ml\"><img loading=\"lazy\" decoding=\"async\" class=\"size-medium wp-image-683 aligncenter\" src=\"https:\/\/mia24.ee\/infonurk\/wp-content\/uploads\/2017\/11\/avokaado_li_50ml-300x300.jpg\" alt=\"Avokaado\u00f5li\" width=\"300\" height=\"300\" srcset=\"https:\/\/mia24.ee\/infonurk\/wp-content\/uploads\/2017\/11\/avokaado_li_50ml-300x300.jpg 300w, https:\/\/mia24.ee\/infonurk\/wp-content\/uploads\/2017\/11\/avokaado_li_50ml-150x150.jpg 150w, https:\/\/mia24.ee\/infonurk\/wp-content\/uploads\/2017\/11\/avokaado_li_50ml.jpg 500w\" sizes=\"auto, (max-width: 300px) 100vw, 300px\" \/><\/a><\/p>\n<p><a href=\"https:\/\/mia24.ee\/jovely-kulmpressitud-avokaadooli-100ml\"><img loading=\"lazy\" decoding=\"async\" class=\"size-medium wp-image-684 aligncenter\" src=\"https:\/\/mia24.ee\/infonurk\/wp-content\/uploads\/2017\/11\/Jovely-avokaado\u00f5li-300x300.jpg\" alt=\"Jovely avokaado\u00f5li\" width=\"300\" height=\"300\" srcset=\"https:\/\/mia24.ee\/infonurk\/wp-content\/uploads\/2017\/11\/Jovely-avokaado\u00f5li-300x300.jpg 300w, https:\/\/mia24.ee\/infonurk\/wp-content\/uploads\/2017\/11\/Jovely-avokaado\u00f5li-150x150.jpg 150w, https:\/\/mia24.ee\/infonurk\/wp-content\/uploads\/2017\/11\/Jovely-avokaado\u00f5li-768x768.jpg 768w, https:\/\/mia24.ee\/infonurk\/wp-content\/uploads\/2017\/11\/Jovely-avokaado\u00f5li-624x624.jpg 624w, https:\/\/mia24.ee\/infonurk\/wp-content\/uploads\/2017\/11\/Jovely-avokaado\u00f5li.jpg 800w\" sizes=\"auto, (max-width: 300px) 100vw, 300px\" \/><\/a><\/p>\n<h3>Kuidas avokaado\u00f5li veel kosmeetikatoodetes nimetatakse?<\/h3>\n<p>Avocado oil\/extract, Alligator Pear Oil\/extract, Persea (Persia) Gratissima Oil\/extract, Lipoval A , Sodium Avocadate (lisatud seebikiviga).<\/p>\n<p>Koostisosadest inglise keelset infot soovitame lugeda leida <a href=\"https:\/\/www.ewg.org\/skindeep#.WhiZa0qWbIU\">siit<\/a>.<\/p>\n<div id=\"tw-target-text-container\" class=\"tw-ta-container tw-nfl\"><\/div>\n","protected":false},"excerpt":{"rendered":"<p>Avokaado\u00f5li kosmeetikas Avokaado\u00f5li on s\u00fcgavniisutava toimega ja ta t\u00e4nu oma paksemale konsistentsile imendub v\u00e4ga s\u00fcgavale naha sisse. Niisutus on intensiivne ja p\u00fcsib kaua. Toitainetest sisaldab rikkalikult A, D ja E vitamiine. Kui teda lisada keha\u00f5lidele, -v\u00f5idele v\u00f5i kreemidele v\u00f5imendab ta kreemi niisutavat, pehmendavat m\u00f5ju ja lisaks aitab naharakke taastada ja t\u00e4iustada. Kosmeetikatoodetes on tema oht minimaalne ehk peaaegu olematu. N\u00e4ohooldustoodetele &#8230;<\/p>\n","protected":false},"author":2,"featured_media":0,"parent":679,"menu_order":0,"comment_status":"closed","ping_status":"closed","template":"","meta":{"_monsterinsights_skip_tracking":false,"_monsterinsights_sitenote_active":false,"_monsterinsights_sitenote_note":"","_monsterinsights_sitenote_category":0,"footnotes":""},"class_list":["post-681","page","type-page","status-publish","hentry","no-post-thumbnail"],"yoast_head":"<!-- This site is optimized with the Yoast SEO plugin v27.4 - https:\/\/yoast.com\/product\/yoast-seo-wordpress\/ -->\n<title>Avokaado\u00f5li kosmeetikas (koostisosade info) - Mia24.ee Ilublogi<\/title>\n<meta name=\"description\" content=\"Avokaado\u00f5li annab kreemidele ja seerumitele paksema ja rikkalikuma konsistentsi, hoiab niiskuse nahas, laseb nahal hingata, eriti v\u00e4\u00e4rtuslik talvisel ajal.\" \/>\n<meta name=\"robots\" content=\"index, follow, max-snippet:-1, max-image-preview:large, max-video-preview:-1\" \/>\n<link rel=\"canonical\" href=\"https:\/\/mia24.ee\/infonurk\/koostisosad\/avokaadooli-kosmeetikas\/\" \/>\n<meta property=\"og:locale\" content=\"et_EE\" \/>\n<meta property=\"og:type\" content=\"article\" \/>\n<meta property=\"og:title\" content=\"Avokaado\u00f5li kosmeetikas (koostisosade info) - Mia24.ee Ilublogi\" \/>\n<meta property=\"og:description\" content=\"Avokaado\u00f5li annab kreemidele ja seerumitele paksema ja rikkalikuma konsistentsi, hoiab niiskuse nahas, laseb nahal hingata, eriti v\u00e4\u00e4rtuslik talvisel ajal.\" \/>\n<meta property=\"og:url\" content=\"https:\/\/mia24.ee\/infonurk\/koostisosad\/avokaadooli-kosmeetikas\/\" \/>\n<meta property=\"og:site_name\" content=\"Mia24.ee | Tervise- ja ilublogi\" \/>\n<meta property=\"article:publisher\" content=\"https:\/\/www.facebook.com\/mia24.ee\" \/>\n<meta property=\"article:modified_time\" content=\"2017-11-24T23:07:12+00:00\" \/>\n<meta property=\"og:image\" content=\"https:\/\/mia24.ee\/infonurk\/wp-content\/uploads\/2017\/11\/avokaado_li_50ml-300x300.jpg\" \/>\n<meta name=\"twitter:card\" content=\"summary_large_image\" \/>\n<meta name=\"twitter:label1\" content=\"Est. reading time\" \/>\n\t<meta name=\"twitter:data1\" content=\"2 minutit\" \/>\n<script type=\"application\/ld+json\" class=\"yoast-schema-graph\">{\"@context\":\"https:\\\/\\\/schema.org\",\"@graph\":[{\"@type\":\"WebPage\",\"@id\":\"https:\\\/\\\/mia24.ee\\\/infonurk\\\/koostisosad\\\/avokaadooli-kosmeetikas\\\/\",\"url\":\"https:\\\/\\\/mia24.ee\\\/infonurk\\\/koostisosad\\\/avokaadooli-kosmeetikas\\\/\",\"name\":\"Avokaado\u00f5li kosmeetikas (koostisosade info) - Mia24.ee Ilublogi\",\"isPartOf\":{\"@id\":\"https:\\\/\\\/mia24.ee\\\/infonurk\\\/#website\"},\"primaryImageOfPage\":{\"@id\":\"https:\\\/\\\/mia24.ee\\\/infonurk\\\/koostisosad\\\/avokaadooli-kosmeetikas\\\/#primaryimage\"},\"image\":{\"@id\":\"https:\\\/\\\/mia24.ee\\\/infonurk\\\/koostisosad\\\/avokaadooli-kosmeetikas\\\/#primaryimage\"},\"thumbnailUrl\":\"https:\\\/\\\/mia24.ee\\\/infonurk\\\/wp-content\\\/uploads\\\/2017\\\/11\\\/avokaado_li_50ml-300x300.jpg\",\"datePublished\":\"2017-11-24T22:22:26+00:00\",\"dateModified\":\"2017-11-24T23:07:12+00:00\",\"description\":\"Avokaado\u00f5li annab kreemidele ja seerumitele paksema ja rikkalikuma konsistentsi, hoiab niiskuse nahas, laseb nahal hingata, eriti v\u00e4\u00e4rtuslik talvisel ajal.\",\"breadcrumb\":{\"@id\":\"https:\\\/\\\/mia24.ee\\\/infonurk\\\/koostisosad\\\/avokaadooli-kosmeetikas\\\/#breadcrumb\"},\"inLanguage\":\"et\",\"potentialAction\":[{\"@type\":\"ReadAction\",\"target\":[\"https:\\\/\\\/mia24.ee\\\/infonurk\\\/koostisosad\\\/avokaadooli-kosmeetikas\\\/\"]}]},{\"@type\":\"ImageObject\",\"inLanguage\":\"et\",\"@id\":\"https:\\\/\\\/mia24.ee\\\/infonurk\\\/koostisosad\\\/avokaadooli-kosmeetikas\\\/#primaryimage\",\"url\":\"https:\\\/\\\/mia24.ee\\\/infonurk\\\/wp-content\\\/uploads\\\/2017\\\/11\\\/avokaado_li_50ml.jpg\",\"contentUrl\":\"https:\\\/\\\/mia24.ee\\\/infonurk\\\/wp-content\\\/uploads\\\/2017\\\/11\\\/avokaado_li_50ml.jpg\",\"width\":500,\"height\":500,\"caption\":\"Avokaado\u00f5li\"},{\"@type\":\"BreadcrumbList\",\"@id\":\"https:\\\/\\\/mia24.ee\\\/infonurk\\\/koostisosad\\\/avokaadooli-kosmeetikas\\\/#breadcrumb\",\"itemListElement\":[{\"@type\":\"ListItem\",\"position\":1,\"name\":\"Home\",\"item\":\"https:\\\/\\\/mia24.ee\\\/infonurk\\\/\"},{\"@type\":\"ListItem\",\"position\":2,\"name\":\"Koostisosad\",\"item\":\"https:\\\/\\\/mia24.ee\\\/infonurk\\\/koostisosad\\\/\"},{\"@type\":\"ListItem\",\"position\":3,\"name\":\"Avokaado\u00f5li kosmeetikas\"}]},{\"@type\":\"WebSite\",\"@id\":\"https:\\\/\\\/mia24.ee\\\/infonurk\\\/#website\",\"url\":\"https:\\\/\\\/mia24.ee\\\/infonurk\\\/\",\"name\":\"Mia24.ee | Tervise- ja ilublogi\",\"description\":\"Toome Sinuni olulisemad ilu- ja terviseteemad.\",\"publisher\":{\"@id\":\"https:\\\/\\\/mia24.ee\\\/infonurk\\\/#organization\"},\"potentialAction\":[{\"@type\":\"SearchAction\",\"target\":{\"@type\":\"EntryPoint\",\"urlTemplate\":\"https:\\\/\\\/mia24.ee\\\/infonurk\\\/?s={search_term_string}\"},\"query-input\":{\"@type\":\"PropertyValueSpecification\",\"valueRequired\":true,\"valueName\":\"search_term_string\"}}],\"inLanguage\":\"et\"},{\"@type\":\"Organization\",\"@id\":\"https:\\\/\\\/mia24.ee\\\/infonurk\\\/#organization\",\"name\":\"Mia24.ee\",\"url\":\"https:\\\/\\\/mia24.ee\\\/infonurk\\\/\",\"logo\":{\"@type\":\"ImageObject\",\"inLanguage\":\"et\",\"@id\":\"https:\\\/\\\/mia24.ee\\\/infonurk\\\/#\\\/schema\\\/logo\\\/image\\\/\",\"url\":\"https:\\\/\\\/mia24.ee\\\/infonurk\\\/wp-content\\\/uploads\\\/2015\\\/01\\\/LOGO.jpg\",\"contentUrl\":\"https:\\\/\\\/mia24.ee\\\/infonurk\\\/wp-content\\\/uploads\\\/2015\\\/01\\\/LOGO.jpg\",\"width\":200,\"height\":71,\"caption\":\"Mia24.ee\"},\"image\":{\"@id\":\"https:\\\/\\\/mia24.ee\\\/infonurk\\\/#\\\/schema\\\/logo\\\/image\\\/\"},\"sameAs\":[\"https:\\\/\\\/www.facebook.com\\\/mia24.ee\"]}]}<\/script>\n<!-- \/ Yoast SEO plugin. -->","yoast_head_json":{"title":"Avokaado\u00f5li kosmeetikas (koostisosade info) - Mia24.ee Ilublogi","description":"Avokaado\u00f5li annab kreemidele ja seerumitele paksema ja rikkalikuma konsistentsi, hoiab niiskuse nahas, laseb nahal hingata, eriti v\u00e4\u00e4rtuslik talvisel ajal.","robots":{"index":"index","follow":"follow","max-snippet":"max-snippet:-1","max-image-preview":"max-image-preview:large","max-video-preview":"max-video-preview:-1"},"canonical":"https:\/\/mia24.ee\/infonurk\/koostisosad\/avokaadooli-kosmeetikas\/","og_locale":"et_EE","og_type":"article","og_title":"Avokaado\u00f5li kosmeetikas (koostisosade info) - Mia24.ee Ilublogi","og_description":"Avokaado\u00f5li annab kreemidele ja seerumitele paksema ja rikkalikuma konsistentsi, hoiab niiskuse nahas, laseb nahal hingata, eriti v\u00e4\u00e4rtuslik talvisel ajal.","og_url":"https:\/\/mia24.ee\/infonurk\/koostisosad\/avokaadooli-kosmeetikas\/","og_site_name":"Mia24.ee | Tervise- ja ilublogi","article_publisher":"https:\/\/www.facebook.com\/mia24.ee","article_modified_time":"2017-11-24T23:07:12+00:00","og_image":[{"url":"https:\/\/mia24.ee\/infonurk\/wp-content\/uploads\/2017\/11\/avokaado_li_50ml-300x300.jpg","type":"","width":"","height":""}],"twitter_card":"summary_large_image","twitter_misc":{"Est. reading time":"2 minutit"},"schema":{"@context":"https:\/\/schema.org","@graph":[{"@type":"WebPage","@id":"https:\/\/mia24.ee\/infonurk\/koostisosad\/avokaadooli-kosmeetikas\/","url":"https:\/\/mia24.ee\/infonurk\/koostisosad\/avokaadooli-kosmeetikas\/","name":"Avokaado\u00f5li kosmeetikas (koostisosade info) - Mia24.ee Ilublogi","isPartOf":{"@id":"https:\/\/mia24.ee\/infonurk\/#website"},"primaryImageOfPage":{"@id":"https:\/\/mia24.ee\/infonurk\/koostisosad\/avokaadooli-kosmeetikas\/#primaryimage"},"image":{"@id":"https:\/\/mia24.ee\/infonurk\/koostisosad\/avokaadooli-kosmeetikas\/#primaryimage"},"thumbnailUrl":"https:\/\/mia24.ee\/infonurk\/wp-content\/uploads\/2017\/11\/avokaado_li_50ml-300x300.jpg","datePublished":"2017-11-24T22:22:26+00:00","dateModified":"2017-11-24T23:07:12+00:00","description":"Avokaado\u00f5li annab kreemidele ja seerumitele paksema ja rikkalikuma konsistentsi, hoiab niiskuse nahas, laseb nahal hingata, eriti v\u00e4\u00e4rtuslik talvisel ajal.","breadcrumb":{"@id":"https:\/\/mia24.ee\/infonurk\/koostisosad\/avokaadooli-kosmeetikas\/#breadcrumb"},"inLanguage":"et","potentialAction":[{"@type":"ReadAction","target":["https:\/\/mia24.ee\/infonurk\/koostisosad\/avokaadooli-kosmeetikas\/"]}]},{"@type":"ImageObject","inLanguage":"et","@id":"https:\/\/mia24.ee\/infonurk\/koostisosad\/avokaadooli-kosmeetikas\/#primaryimage","url":"https:\/\/mia24.ee\/infonurk\/wp-content\/uploads\/2017\/11\/avokaado_li_50ml.jpg","contentUrl":"https:\/\/mia24.ee\/infonurk\/wp-content\/uploads\/2017\/11\/avokaado_li_50ml.jpg","width":500,"height":500,"caption":"Avokaado\u00f5li"},{"@type":"BreadcrumbList","@id":"https:\/\/mia24.ee\/infonurk\/koostisosad\/avokaadooli-kosmeetikas\/#breadcrumb","itemListElement":[{"@type":"ListItem","position":1,"name":"Home","item":"https:\/\/mia24.ee\/infonurk\/"},{"@type":"ListItem","position":2,"name":"Koostisosad","item":"https:\/\/mia24.ee\/infonurk\/koostisosad\/"},{"@type":"ListItem","position":3,"name":"Avokaado\u00f5li kosmeetikas"}]},{"@type":"WebSite","@id":"https:\/\/mia24.ee\/infonurk\/#website","url":"https:\/\/mia24.ee\/infonurk\/","name":"Mia24.ee | Tervise- ja ilublogi","description":"Toome Sinuni olulisemad ilu- ja terviseteemad.","publisher":{"@id":"https:\/\/mia24.ee\/infonurk\/#organization"},"potentialAction":[{"@type":"SearchAction","target":{"@type":"EntryPoint","urlTemplate":"https:\/\/mia24.ee\/infonurk\/?s={search_term_string}"},"query-input":{"@type":"PropertyValueSpecification","valueRequired":true,"valueName":"search_term_string"}}],"inLanguage":"et"},{"@type":"Organization","@id":"https:\/\/mia24.ee\/infonurk\/#organization","name":"Mia24.ee","url":"https:\/\/mia24.ee\/infonurk\/","logo":{"@type":"ImageObject","inLanguage":"et","@id":"https:\/\/mia24.ee\/infonurk\/#\/schema\/logo\/image\/","url":"https:\/\/mia24.ee\/infonurk\/wp-content\/uploads\/2015\/01\/LOGO.jpg","contentUrl":"https:\/\/mia24.ee\/infonurk\/wp-content\/uploads\/2015\/01\/LOGO.jpg","width":200,"height":71,"caption":"Mia24.ee"},"image":{"@id":"https:\/\/mia24.ee\/infonurk\/#\/schema\/logo\/image\/"},"sameAs":["https:\/\/www.facebook.com\/mia24.ee"]}]}},"amp_enabled":true,"_links":{"self":[{"href":"https:\/\/mia24.ee\/infonurk\/wp-json\/wp\/v2\/pages\/681","targetHints":{"allow":["GET"]}}],"collection":[{"href":"https:\/\/mia24.ee\/infonurk\/wp-json\/wp\/v2\/pages"}],"about":[{"href":"https:\/\/mia24.ee\/infonurk\/wp-json\/wp\/v2\/types\/page"}],"author":[{"embeddable":true,"href":"https:\/\/mia24.ee\/infonurk\/wp-json\/wp\/v2\/users\/2"}],"replies":[{"embeddable":true,"href":"https:\/\/mia24.ee\/infonurk\/wp-json\/wp\/v2\/comments?post=681"}],"version-history":[{"count":0,"href":"https:\/\/mia24.ee\/infonurk\/wp-json\/wp\/v2\/pages\/681\/revisions"}],"up":[{"embeddable":true,"href":"https:\/\/mia24.ee\/infonurk\/wp-json\/wp\/v2\/pages\/679"}],"wp:attachment":[{"href":"https:\/\/mia24.ee\/infonurk\/wp-json\/wp\/v2\/media?parent=681"}],"curies":[{"name":"wp","href":"https:\/\/api.w.org\/{rel}","templated":true}]}}